{"id":8575,"date":"2021-05-27T13:15:54","date_gmt":"2021-05-27T10:15:54","guid":{"rendered":"https:\/\/lyy.fi\/?page_id=8575"},"modified":"2025-03-31T11:42:50","modified_gmt":"2025-03-31T08:42:50","slug":"member-services","status":"publish","type":"page","link":"https:\/\/lyy.fi\/en\/palvelut\/member-services\/","title":{"rendered":"Member services"},"content":{"rendered":"\n<div style=\"background-color:#000000;text-align:left\" class=\"wp-block-atomic-blocks-ab-cta ab-block-cta\"><div class=\"ab-cta-image-wrap\"><img decoding=\"async\" class=\"ab-cta-image has-background-dim\" src=\"https:\/\/lyy.fi\/wp-content\/uploads\/2019\/07\/2.3.1..jpg\" alt=\"\"\/><\/div><div class=\"ab-cta-content\"><h2 class=\"ab-cta-title ab-font-size-32\" style=\"color:#ffffff\">Advocacy<\/h2><div class=\"ab-cta-text ab-font-size-32\" style=\"color:#ffffff\"><p>The most important duty of the Student Union of the University of Lapland is to protect the interests of the students.<\/p><\/div><\/div><div class=\"ab-cta-button\"><a href=\"https:\/\/lyy.fi\/en\/our-work\/the-protection-of-interests-in-lyy\/\" target=\"_self\" rel=\"noopener noreferrer\" class=\"ab-button ab-button-shape-rounded ab-button-size-medium\" style=\"color:#000000;background-color:#ffffff\">Learn more about advocacy<\/a><\/div><\/div>\n\n\n\n<div style=\"background-color:#000000;text-align:left\" class=\"wp-block-atomic-blocks-ab-cta ab-block-cta\"><div class=\"ab-cta-image-wrap\"><img decoding=\"async\" class=\"ab-cta-image has-background-dim\" src=\"https:\/\/lyy.fi\/wp-content\/uploads\/2019\/07\/3.1.1.1..jpg\" alt=\"\"\/><\/div><div class=\"ab-cta-content\"><h2 class=\"ab-cta-title ab-font-size-32\" style=\"color:#ffffff\">Legal aid<\/h2><div class=\"ab-cta-text ab-font-size-32\" style=\"color:#ffffff\"><p>LYY j\u00e4rjest\u00e4\u00e4 j\u00e4senilleen oikeusapupalvelua. Oikeusapu on tarkoitettu Lapin yliopiston opiskelijoille, joilla on huolia tai ongelmia, joihin tarvitaan oikeudellista neuvontaa.<\/p><\/div><\/div><div class=\"ab-cta-button\"><a href=\"https:\/\/lyy.fi\/en\/services\/member-services\/legal-aid\/\" target=\"_self\" rel=\"noopener noreferrer\" class=\"ab-button ab-button-shape-rounded ab-button-size-medium\" style=\"color:#000000;background-color:#ffffff\">Learn more about the legal aid<\/a><\/div><\/div>\n\n\n\n<div style=\"background-color:#000000;text-align:left\" class=\"wp-block-atomic-blocks-ab-cta ab-block-cta\"><div class=\"ab-cta-image-wrap\"><img decoding=\"async\" class=\"ab-cta-image has-background-dim\" src=\"https:\/\/lyy.fi\/wp-content\/uploads\/2019\/07\/4.4.3.1..jpg\" alt=\"\"\/><\/div><div class=\"ab-cta-content\"><h2 class=\"ab-cta-title ab-font-size-32\" style=\"color:#ffffff\">Sauna<\/h2><div class=\"ab-cta-text ab-font-size-32\" style=\"color:#ffffff\"><p>LYY has a sauna available for rent in downtown Rovaniemi!<\/p><\/div><\/div><div class=\"ab-cta-button\"><a href=\"https:\/\/lyy.fi\/en\/services\/member-services\/sauna\/\" target=\"_self\" rel=\"noopener noreferrer\" class=\"ab-button ab-button-shape-rounded ab-button-size-medium\" style=\"color:#000000;background-color:#ffffff\">More information about the sauna<\/a><\/div><\/div>\n\n\n\n<div style=\"background-color:#000000;text-align:left\" class=\"wp-block-atomic-blocks-ab-cta ab-block-cta\"><div class=\"ab-cta-image-wrap\"><img decoding=\"async\" class=\"ab-cta-image has-background-dim\" src=\"https:\/\/lyy.fi\/wp-content\/uploads\/2019\/07\/4.4.3.1..jpg\" alt=\"\"\/><\/div><div class=\"ab-cta-content\"><h2 class=\"ab-cta-title ab-font-size-32\" style=\"color:#ffffff\">Other premises<\/h2><div class=\"ab-cta-text ab-font-size-32\" style=\"color:#ffffff\"><p>LYY also has other premises that can be used for meetings etc!<\/p><\/div><\/div><div class=\"ab-cta-button\"><a href=\"https:\/\/lyy.fi\/en\/services\/member-services\/other-premises\/\" target=\"_self\" rel=\"noopener noreferrer\" class=\"ab-button ab-button-shape-rounded ab-button-size-medium\" style=\"color:#000000;background-color:#ffffff\">Lue lis\u00e4\u00e4 tiloista<\/a><\/div><\/div>\n\n\n\n<div style=\"background-color:#000000;text-align:left\" class=\"wp-block-atomic-blocks-ab-cta ab-block-cta\"><div class=\"ab-cta-image-wrap\"><img decoding=\"async\" class=\"ab-cta-image has-background-dim\" src=\"https:\/\/lyy.fi\/wp-content\/uploads\/2021\/04\/hattu.jpg\" alt=\"ylioppilaslakki Kide-kokardilla ja laulukirjoja\"\/><\/div><div class=\"ab-cta-content\"><h2 class=\"ab-cta-title ab-font-size-32\" style=\"color:#ffffff\">Products<\/h2><div class=\"ab-cta-text ab-font-size-32\" style=\"color:#ffffff\"><p>LYY offers products for members!<\/p><\/div><\/div><div class=\"ab-cta-button\"><a href=\"https:\/\/lyy.fi\/en\/services\/member-services\/products\/\" target=\"_self\" rel=\"noopener noreferrer\" class=\"ab-button ab-button-shape-rounded ab-button-size-medium\" style=\"color:#000000;background-color:#ffffff\">Lue lis\u00e4\u00e4 tuotteista<\/a><\/div><\/div>\n\n\n\n<div style=\"background-color:#000000;text-align:left\" class=\"wp-block-atomic-blocks-ab-cta ab-block-cta\"><div class=\"ab-cta-image-wrap\"><img decoding=\"async\" class=\"ab-cta-image has-background-dim\" src=\"https:\/\/lyy.fi\/wp-content\/uploads\/2019\/07\/4.4.1.1..jpg\" alt=\"\"\/><\/div><div class=\"ab-cta-content\"><h2 class=\"ab-cta-title ab-font-size-32\" style=\"color:#ffffff\">Equipment<\/h2><div class=\"ab-cta-text ab-font-size-32\" style=\"color:#ffffff\"><p>LYY has some equipment up for rent, for example a PA-system and sports equipment<\/p><\/div><\/div><div class=\"ab-cta-button\"><a href=\"https:\/\/lyy.fi\/en\/services\/member-services\/equipment\/\" target=\"_self\" rel=\"noopener noreferrer\" class=\"ab-button ab-button-shape-rounded ab-button-size-medium\" style=\"color:#000000;background-color:#ffffff\">Check out the equipment<\/a><\/div><\/div>\n\n\n\n<div style=\"background-color:#000000;text-align:left\" class=\"wp-block-atomic-blocks-ab-cta ab-block-cta\"><div class=\"ab-cta-image-wrap\"><img decoding=\"async\" class=\"ab-cta-image has-background-dim\" src=\"https:\/\/lyy.fi\/wp-content\/uploads\/2021\/05\/image.png\" alt=\"\"\/><\/div><div class=\"ab-cta-content\"><h2 class=\"ab-cta-title ab-font-size-32\" style=\"color:#ffffff\">Wellness pass<\/h2><div class=\"ab-cta-text ab-font-size-32\" style=\"color:#ffffff\"><p>The Wellness Pass is a new LYY services that offers affordable opportunities to take care of your well-being!<\/p><\/div><\/div><div class=\"ab-cta-button\"><a href=\"https:\/\/lyy.fi\/en\/wellness-pass\/\" target=\"_self\" rel=\"noopener noreferrer\" class=\"ab-button ab-button-shape-rounded ab-button-size-medium\" style=\"color:#000000;background-color:#ffffff\">Learn more about the Wellness Pass<\/a><\/div><\/div>\n","protected":false},"excerpt":{"rendered":"","protected":false},"author":4,"featured_media":0,"parent":8574,"menu_order":0,"comment_status":"closed","ping_status":"closed","template":"","meta":{"_acf_changed":false,"_tec_requires_first_save":true,"_uag_custom_page_level_css":"","_price":"","_stock":"","_tribe_ticket_header":"","_tribe_default_ticket_provider":"","_tribe_ticket_capacity":"0","_ticket_start_date":"","_ticket_end_date":"","_tribe_ticket_show_description":"","_tribe_ticket_show_not_going":false,"_tribe_ticket_use_global_stock":"","_tribe_ticket_global_stock_level":"","_global_stock_mode":"","_global_stock_cap":"","_tribe_rsvp_for_event":"","_tribe_ticket_going_count":"","_tribe_ticket_not_going_count":"","_tribe_tickets_list":"[]","_tribe_ticket_has_attendee_info_fields":false,"_EventAllDay":false,"_EventTimezone":"","_EventStartDate":"","_EventEndDate":"","_EventStartDateUTC":"","_EventEndDateUTC":"","_EventShowMap":false,"_EventShowMapLink":false,"_EventURL":"","_EventCost":"","_EventCostDescription":"","_EventCurrencySymbol":"","_EventCurrencyCode":"","_EventCurrencyPosition":"","_EventDateTimeSeparator":"","_EventTimeRangeSeparator":"","_EventOrganizerID":[],"_EventVenueID":[],"_OrganizerEmail":"","_OrganizerPhone":"","_OrganizerWebsite":"","_VenueAddress":"","_VenueCity":"","_VenueCountry":"","_VenueProvince":"","_VenueState":"","_VenueZip":"","_VenuePhone":"","_VenueURL":"","_VenueStateProvince":"","_VenueLat":"","_VenueLng":"","_VenueShowMap":false,"_VenueShowMapLink":false,"_tribe_blocks_recurrence_rules":"","_tribe_blocks_recurrence_description":"","_tribe_blocks_recurrence_exclusions":"","footnotes":"","_tec_slr_enabled":"","_tec_slr_layout":""},"class_list":["post-8575","page","type-page","status-publish"],"acf":[],"yoast_head":"<!-- This site is optimized with the Yoast SEO plugin v27.3 - https:\/\/yoast.com\/product\/yoast-seo-wordpress\/ -->\n<title>Member services - LYY<\/title>\n<meta name=\"robots\" content=\"index, follow, max-snippet:-1, max-image-preview:large, max-video-preview:-1\" \/>\n<link rel=\"canonical\" href=\"https:\/\/lyy.fi\/en\/palvelut\/member-services\/\" \/>\n<meta property=\"og:locale\" content=\"en_US\" \/>\n<meta property=\"og:type\" content=\"article\" \/>\n<meta property=\"og:title\" content=\"Member services - LYY\" \/>\n<meta property=\"og:url\" content=\"https:\/\/lyy.fi\/en\/palvelut\/member-services\/\" \/>\n<meta property=\"og:site_name\" content=\"LYY\" \/>\n<meta property=\"article:publisher\" content=\"https:\/\/www.facebook.com\/lapinyliopistonylioppilaskunta\" \/>\n<meta property=\"article:modified_time\" content=\"2025-03-31T08:42:50+00:00\" \/>\n<meta property=\"og:image\" content=\"https:\/\/lyy.fi\/wp-content\/uploads\/2019\/07\/2.3.1..jpg\" \/>\n<meta name=\"twitter:card\" content=\"summary_large_image\" \/>\n<meta name=\"twitter:site\" content=\"@lyytweet\" \/>\n<meta name=\"twitter:label1\" content=\"Est. reading time\" \/>\n\t<meta name=\"twitter:data1\" content=\"3 minutes\" \/>\n<script type=\"application\/ld+json\" class=\"yoast-schema-graph\">{\"@context\":\"https:\\\/\\\/schema.org\",\"@graph\":[{\"@type\":\"WebPage\",\"@id\":\"https:\\\/\\\/lyy.fi\\\/en\\\/palvelut\\\/member-services\\\/\",\"url\":\"https:\\\/\\\/lyy.fi\\\/en\\\/palvelut\\\/member-services\\\/\",\"name\":\"Member services - LYY\",\"isPartOf\":{\"@id\":\"https:\\\/\\\/lyy.fi\\\/#website\"},\"primaryImageOfPage\":{\"@id\":\"https:\\\/\\\/lyy.fi\\\/en\\\/palvelut\\\/member-services\\\/#primaryimage\"},\"image\":{\"@id\":\"https:\\\/\\\/lyy.fi\\\/en\\\/palvelut\\\/member-services\\\/#primaryimage\"},\"thumbnailUrl\":\"https:\\\/\\\/lyy.fi\\\/wp-content\\\/uploads\\\/2019\\\/07\\\/2.3.1..jpg\",\"datePublished\":\"2021-05-27T10:15:54+00:00\",\"dateModified\":\"2025-03-31T08:42:50+00:00\",\"breadcrumb\":{\"@id\":\"https:\\\/\\\/lyy.fi\\\/en\\\/palvelut\\\/member-services\\\/#breadcrumb\"},\"inLanguage\":\"en-US\",\"potentialAction\":[{\"@type\":\"ReadAction\",\"target\":[\"https:\\\/\\\/lyy.fi\\\/en\\\/palvelut\\\/member-services\\\/\"]}]},{\"@type\":\"ImageObject\",\"inLanguage\":\"en-US\",\"@id\":\"https:\\\/\\\/lyy.fi\\\/en\\\/palvelut\\\/member-services\\\/#primaryimage\",\"url\":\"https:\\\/\\\/lyy.fi\\\/wp-content\\\/uploads\\\/2019\\\/07\\\/2.3.1..jpg\",\"contentUrl\":\"https:\\\/\\\/lyy.fi\\\/wp-content\\\/uploads\\\/2019\\\/07\\\/2.3.1..jpg\"},{\"@type\":\"BreadcrumbList\",\"@id\":\"https:\\\/\\\/lyy.fi\\\/en\\\/palvelut\\\/member-services\\\/#breadcrumb\",\"itemListElement\":[{\"@type\":\"ListItem\",\"position\":1,\"name\":\"Home\",\"item\":\"https:\\\/\\\/lyy.fi\\\/en\\\/\"},{\"@type\":\"ListItem\",\"position\":2,\"name\":\"Sevices\",\"item\":\"https:\\\/\\\/lyy.fi\\\/en\\\/palvelut\\\/\"},{\"@type\":\"ListItem\",\"position\":3,\"name\":\"Member services\"}]},{\"@type\":\"WebSite\",\"@id\":\"https:\\\/\\\/lyy.fi\\\/#website\",\"url\":\"https:\\\/\\\/lyy.fi\\\/\",\"name\":\"LYY\",\"description\":\"Lapin yliopiston ylioppilaskunta\",\"publisher\":{\"@id\":\"https:\\\/\\\/lyy.fi\\\/#organization\"},\"potentialAction\":[{\"@type\":\"SearchAction\",\"target\":{\"@type\":\"EntryPoint\",\"urlTemplate\":\"https:\\\/\\\/lyy.fi\\\/?s={search_term_string}\"},\"query-input\":{\"@type\":\"PropertyValueSpecification\",\"valueRequired\":true,\"valueName\":\"search_term_string\"}}],\"inLanguage\":\"en-US\"},{\"@type\":\"Organization\",\"@id\":\"https:\\\/\\\/lyy.fi\\\/#organization\",\"name\":\"LYY\",\"url\":\"https:\\\/\\\/lyy.fi\\\/\",\"logo\":{\"@type\":\"ImageObject\",\"inLanguage\":\"en-US\",\"@id\":\"https:\\\/\\\/lyy.fi\\\/#\\\/schema\\\/logo\\\/image\\\/\",\"url\":\"https:\\\/\\\/lyy.fi\\\/wp-content\\\/uploads\\\/2025\\\/03\\\/LYY_logo_nelio.jpg\",\"contentUrl\":\"https:\\\/\\\/lyy.fi\\\/wp-content\\\/uploads\\\/2025\\\/03\\\/LYY_logo_nelio.jpg\",\"width\":225,\"height\":204,\"caption\":\"LYY\"},\"image\":{\"@id\":\"https:\\\/\\\/lyy.fi\\\/#\\\/schema\\\/logo\\\/image\\\/\"},\"sameAs\":[\"https:\\\/\\\/www.facebook.com\\\/lapinyliopistonylioppilaskunta\",\"https:\\\/\\\/x.com\\\/lyytweet\",\"https:\\\/\\\/www.instagram.com\\\/lyygram\\\/\"]}]}<\/script>\n<!-- \/ Yoast SEO plugin. -->","yoast_head_json":{"title":"Member services - LYY","robots":{"index":"index","follow":"follow","max-snippet":"max-snippet:-1","max-image-preview":"max-image-preview:large","max-video-preview":"max-video-preview:-1"},"canonical":"https:\/\/lyy.fi\/en\/palvelut\/member-services\/","og_locale":"en_US","og_type":"article","og_title":"Member services - LYY","og_url":"https:\/\/lyy.fi\/en\/palvelut\/member-services\/","og_site_name":"LYY","article_publisher":"https:\/\/www.facebook.com\/lapinyliopistonylioppilaskunta","article_modified_time":"2025-03-31T08:42:50+00:00","og_image":[{"url":"https:\/\/lyy.fi\/wp-content\/uploads\/2019\/07\/2.3.1..jpg","type":"","width":"","height":""}],"twitter_card":"summary_large_image","twitter_site":"@lyytweet","twitter_misc":{"Est. reading time":"3 minutes"},"schema":{"@context":"https:\/\/schema.org","@graph":[{"@type":"WebPage","@id":"https:\/\/lyy.fi\/en\/palvelut\/member-services\/","url":"https:\/\/lyy.fi\/en\/palvelut\/member-services\/","name":"Member services - LYY","isPartOf":{"@id":"https:\/\/lyy.fi\/#website"},"primaryImageOfPage":{"@id":"https:\/\/lyy.fi\/en\/palvelut\/member-services\/#primaryimage"},"image":{"@id":"https:\/\/lyy.fi\/en\/palvelut\/member-services\/#primaryimage"},"thumbnailUrl":"https:\/\/lyy.fi\/wp-content\/uploads\/2019\/07\/2.3.1..jpg","datePublished":"2021-05-27T10:15:54+00:00","dateModified":"2025-03-31T08:42:50+00:00","breadcrumb":{"@id":"https:\/\/lyy.fi\/en\/palvelut\/member-services\/#breadcrumb"},"inLanguage":"en-US","potentialAction":[{"@type":"ReadAction","target":["https:\/\/lyy.fi\/en\/palvelut\/member-services\/"]}]},{"@type":"ImageObject","inLanguage":"en-US","@id":"https:\/\/lyy.fi\/en\/palvelut\/member-services\/#primaryimage","url":"https:\/\/lyy.fi\/wp-content\/uploads\/2019\/07\/2.3.1..jpg","contentUrl":"https:\/\/lyy.fi\/wp-content\/uploads\/2019\/07\/2.3.1..jpg"},{"@type":"BreadcrumbList","@id":"https:\/\/lyy.fi\/en\/palvelut\/member-services\/#breadcrumb","itemListElement":[{"@type":"ListItem","position":1,"name":"Home","item":"https:\/\/lyy.fi\/en\/"},{"@type":"ListItem","position":2,"name":"Sevices","item":"https:\/\/lyy.fi\/en\/palvelut\/"},{"@type":"ListItem","position":3,"name":"Member services"}]},{"@type":"WebSite","@id":"https:\/\/lyy.fi\/#website","url":"https:\/\/lyy.fi\/","name":"LYY","description":"Lapin yliopiston ylioppilaskunta","publisher":{"@id":"https:\/\/lyy.fi\/#organization"},"potentialAction":[{"@type":"SearchAction","target":{"@type":"EntryPoint","urlTemplate":"https:\/\/lyy.fi\/?s={search_term_string}"},"query-input":{"@type":"PropertyValueSpecification","valueRequired":true,"valueName":"search_term_string"}}],"inLanguage":"en-US"},{"@type":"Organization","@id":"https:\/\/lyy.fi\/#organization","name":"LYY","url":"https:\/\/lyy.fi\/","logo":{"@type":"ImageObject","inLanguage":"en-US","@id":"https:\/\/lyy.fi\/#\/schema\/logo\/image\/","url":"https:\/\/lyy.fi\/wp-content\/uploads\/2025\/03\/LYY_logo_nelio.jpg","contentUrl":"https:\/\/lyy.fi\/wp-content\/uploads\/2025\/03\/LYY_logo_nelio.jpg","width":225,"height":204,"caption":"LYY"},"image":{"@id":"https:\/\/lyy.fi\/#\/schema\/logo\/image\/"},"sameAs":["https:\/\/www.facebook.com\/lapinyliopistonylioppilaskunta","https:\/\/x.com\/lyytweet","https:\/\/www.instagram.com\/lyygram\/"]}]}},"uagb_featured_image_src":{"full":false,"thumbnail":false,"medium":false,"medium_large":false,"large":false,"1536x1536":false,"2048x2048":false,"gform-image-choice-sm":false,"gform-image-choice-md":false,"gform-image-choice-lg":false},"uagb_author_info":{"display_name":"Yhteis\u00f6asiantuntija","author_link":"https:\/\/lyy.fi\/en\/author\/jarjestoasiantuntijaadm-2\/"},"uagb_comment_info":0,"uagb_excerpt":null,"ticketed":false,"_links":{"self":[{"href":"https:\/\/lyy.fi\/en\/wp-json\/wp\/v2\/pages\/8575","targetHints":{"allow":["GET"]}}],"collection":[{"href":"https:\/\/lyy.fi\/en\/wp-json\/wp\/v2\/pages"}],"about":[{"href":"https:\/\/lyy.fi\/en\/wp-json\/wp\/v2\/types\/page"}],"author":[{"embeddable":true,"href":"https:\/\/lyy.fi\/en\/wp-json\/wp\/v2\/users\/4"}],"replies":[{"embeddable":true,"href":"https:\/\/lyy.fi\/en\/wp-json\/wp\/v2\/comments?post=8575"}],"version-history":[{"count":3,"href":"https:\/\/lyy.fi\/en\/wp-json\/wp\/v2\/pages\/8575\/revisions"}],"predecessor-version":[{"id":8594,"href":"https:\/\/lyy.fi\/en\/wp-json\/wp\/v2\/pages\/8575\/revisions\/8594"}],"up":[{"embeddable":true,"href":"https:\/\/lyy.fi\/en\/wp-json\/wp\/v2\/pages\/8574"}],"wp:attachment":[{"href":"https:\/\/lyy.fi\/en\/wp-json\/wp\/v2\/media?parent=8575"}],"curies":[{"name":"wp","href":"https:\/\/api.w.org\/{rel}","templated":true}]}}