{"id":25001,"date":"2025-11-13T12:31:24","date_gmt":"2025-11-13T10:31:24","guid":{"rendered":"https:\/\/uusi.lyy.fi\/material-archive\/toimintaa-ohjaavat-dokumentit\/"},"modified":"2026-01-29T12:39:39","modified_gmt":"2026-01-29T10:39:39","slug":"toimintaa-ohjaavat-dokumentit","status":"publish","type":"page","link":"https:\/\/lyy.fi\/en\/material-archive\/toimintaa-ohjaavat-dokumentit\/","title":{"rendered":"Toimintaa ohjaavat dokumentit"},"content":{"rendered":"\n<p>LYYn edustajisto on p\u00e4ivitt\u00e4nyt LYYn s\u00e4\u00e4nt\u00f6j\u00e4 vuonna 2023. Ylioppilaskunnalla on nykyisin k\u00e4yt\u00f6ss\u00e4\u00e4n peruss\u00e4\u00e4nt\u00f6, hallinto-ohjes\u00e4\u00e4nt\u00f6, sek\u00e4 muita ohjes\u00e4\u00e4nt\u00f6j\u00e4. <\/p>\n\n\n\n<p>Hallinto-ohjes\u00e4\u00e4nt\u00f6\u00f6n kuuluu aiemmin erilliset edustajiston ty\u00f6j\u00e4rjestys, hallituksen ty\u00f6j\u00e4rjestys, p\u00e4\u00e4sihteerin johtos\u00e4\u00e4nt\u00f6, ylioppilaskunnan ty\u00f6ntekij\u00f6iden johtos\u00e4\u00e4nt\u00f6 ja LYYn talousohjes\u00e4\u00e4nt\u00f6. <\/p>\n\n\n\n<p>LYYn vaalij\u00e4rjestys, ohjes\u00e4\u00e4nt\u00f6 hallinnon opiskelijaedustajista ja perusavustusohjes\u00e4\u00e4nt\u00f6 p\u00e4ivitet\u00e4\u00e4n vuonna 2024. <\/p>\n\n\n\n<p>Kunniamerkkiohjes\u00e4\u00e4nt\u00f6 on nykyisin nimelt\u00e4\u00e4n perinneohjes\u00e4\u00e4nt\u00f6. <\/p>\n\n\n\n<p>Lapin Ylioppilaslehden ohjes\u00e4\u00e4nt\u00f6, sijoitusohjeistus, mainonnan eettinen ohjeistus ja saunas\u00e4\u00e4nt\u00f6 eiv\u00e4t en\u00e4\u00e4 lukeudu s\u00e4\u00e4nn\u00f6st\u00f6\u00f6n, vaan ne ovat muita toimintaa ohjaavia dokumentteja. <\/p>\n\n\n\n<h2 class=\"wp-block-heading has-text-align-left\">LYYn s\u00e4\u00e4nn\u00f6st\u00f6 vuodesta 2024 alkaen<\/h2>\n\n\n\n<div class=\"wp-block-file aligncenter\"><a id=\"wp-block-file--media-4ae1067a-b039-4ed9-9776-509f8385f6bf\" href=\"https:\/\/lyy.fi\/wp-content\/uploads\/2024\/01\/Lapin-yliopiston-ylioppilaskunnan-perussaanto-2023.pdf\" target=\"_blank\" rel=\"noreferrer noopener\">Lapin yliopiston ylioppilaskunnan peruss\u00e4\u00e4nt\u00f6<\/a><\/div>\n\n\n\n<div class=\"wp-block-file aligncenter\"><a id=\"wp-block-file--media-9cca630e-5ff3-440f-9a7b-d0e01359a882\" href=\"https:\/\/lyy.fi\/wp-content\/uploads\/2024\/02\/Lapin-yliopiston-ylioppilaskunnan-hallinto-ohjesaanto-2023.pdf\" target=\"_blank\" rel=\"noreferrer noopener\">Lapin yliopiston ylioppilaskunnan hallinto-ohjes\u00e4\u00e4nt\u00f6<\/a><\/div>\n\n\n\n<div class=\"wp-block-file aligncenter\"><a id=\"wp-block-file--media-969909cb-cb52-44e6-a14e-e87bce3fbb1c\" href=\"https:\/\/lyy.fi\/wp-content\/uploads\/2024\/04\/Perinneohjesaanto-2023.pdf\" target=\"_blank\" rel=\"noreferrer noopener\">Perinneohjes\u00e4\u00e4nt\u00f6<\/a><\/div>\n\n\n\n<div class=\"wp-block-file aligncenter\"><a id=\"wp-block-file--media-a746baba-cf20-4f50-b4b1-fb21d83710fe\" href=\"https:\/\/lyy.fi\/wp-content\/uploads\/2024\/06\/Lapin-yliopiston-ylioppilaskunnan-ohjesaanto-hallinnon-opiskelijaedustajista-2024.pdf\" target=\"_blank\" rel=\"noreferrer noopener\">Ohjes\u00e4\u00e4nt\u00f6 hallinnon opiskelijaedustajista<\/a><\/div>\n\n\n\n<div class=\"wp-block-file aligncenter\"><a id=\"wp-block-file--media-c9fe5b57-8e4d-483a-af61-7e39100257d8\" href=\"https:\/\/lyy.fi\/wp-content\/uploads\/2024\/06\/LYYn-Yhdistysohjesaanto-2024.pdf\" target=\"_blank\" rel=\"noreferrer noopener\">Yhdistysohjes\u00e4\u00e4nt\u00f6<\/a><\/div>\n\n\n\n<h2 class=\"wp-block-heading has-text-align-left\">Vanhat ja viel\u00e4 p\u00e4ivitt\u00e4m\u00e4tt\u00f6m\u00e4t s\u00e4\u00e4nn\u00f6t<\/h2>\n\n\n\n<div class=\"wp-block-file aligncenter\"><a id=\"wp-block-file--media-47fb7e94-125d-4b65-bf1c-63c0a8f7bffa\" href=\"https:\/\/lyy.fi\/wp-content\/uploads\/2023\/03\/Lapin-yliopiston-ylioppilaskunnan-saannot-2021.pdf\">Lapin yliopiston ylioppilaskunnan s\u00e4\u00e4nn\u00f6t (Korvattu peruss\u00e4\u00e4nn\u00f6ll\u00e4)<\/a><\/div>\n\n\n\n<div class=\"wp-block-file aligncenter\"><a id=\"wp-block-file--media-1a6ad87e-c1c8-446b-8bb1-0415bd696df3\" href=\"https:\/\/lyy.fi\/en\/lapin-yliopiston-ylioppilaskunnan-vaalijarjestys-2-2\/\" target=\"_blank\" rel=\"noreferrer noopener\">Lapin yliopiston ylioppilaskunnan vaalij\u00e4rjestys (P\u00e4ivitet\u00e4\u00e4n 2024)<\/a><\/div>\n\n\n\n<div class=\"wp-block-file aligncenter\"><a id=\"wp-block-file--media-e49417b4-14ae-4cb6-8e17-984dd3674206\" href=\"https:\/\/lyy.fi\/en\/edustajiston-tyojarjestys-2-2\/\" target=\"_blank\" rel=\"noreferrer noopener\">Edustajiston ty\u00f6j\u00e4rjestys (Korvattu hallinto-ohjes\u00e4\u00e4nn\u00f6ll\u00e4)<\/a><\/div>\n\n\n\n<div class=\"wp-block-file aligncenter\"><a id=\"wp-block-file--media-b95cfe70-c07c-4685-a915-8fae1fc1e7d8\" href=\"https:\/\/lyy.fi\/en\/hallituksen-tyojarjestys-2-2\/\" target=\"_blank\" rel=\"noreferrer noopener\">Hallituksen ty\u00f6j\u00e4rjestys (Korvattu hallinto-ohjes\u00e4\u00e4nn\u00f6ll\u00e4)<\/a><\/div>\n\n\n\n<div class=\"wp-block-file aligncenter\"><a id=\"wp-block-file--media-99cc4fe5-2a8d-44da-bd05-d3ed5e8d90c7\" href=\"https:\/\/lyy.fi\/en\/paasihteerin-johtosaanto-2-2\/\" target=\"_blank\" rel=\"noreferrer noopener\">P\u00e4\u00e4sihteerin johtos\u00e4\u00e4nt\u00f6 (Korvattu hallinto-ohjes\u00e4\u00e4nn\u00f6ll\u00e4)<\/a><\/div>\n\n\n\n<div class=\"wp-block-file aligncenter\"><a id=\"wp-block-file--media-984d6c32-dfce-4fbc-85c4-f333aaf95474\" href=\"https:\/\/lyy.fi\/en\/ylioppilaskunnan-tyontekijoiden-johtosaanto-2\/\" target=\"_blank\" rel=\"noreferrer noopener\">Ylioppilaskunnan ty\u00f6ntekij\u00f6iden johtos\u00e4\u00e4nt\u00f6 (Korvattu hallinto-ohjes\u00e4\u00e4nn\u00f6ll\u00e4)<\/a><\/div>\n\n\n\n<div class=\"wp-block-file aligncenter\"><a id=\"wp-block-file--media-38334c67-9136-4752-b69c-db579668293a\" href=\"https:\/\/lyy.fi\/en\/lyyn-talousohejsaanto-2\/\" target=\"_blank\" rel=\"noreferrer noopener\">LYYn talousohjes\u00e4\u00e4nt\u00f6 (Korvattu hallinto-ohjes\u00e4\u00e4nn\u00f6ll\u00e4)<\/a><\/div>\n\n\n\n<div class=\"wp-block-file aligncenter\"><a id=\"wp-block-file--media-41dd63dc-5665-4322-a731-87e09e4c4c42\" href=\"https:\/\/lyy.fi\/en\/perusavustusohjesaanto-2\/\" target=\"_blank\" rel=\"noreferrer noopener\">Perusavustusohjes\u00e4\u00e4nt\u00f6 (Kumottu 2024)<\/a><\/div>\n\n\n\n<div class=\"wp-block-file aligncenter\"><a id=\"wp-block-file--media-a6ef9344-a2f8-4cec-a8f3-bc60ea1e3102\" href=\"https:\/\/lyy.fi\/en\/kunniamerkkiohjesaanto-2-2\/\" target=\"_blank\" rel=\"noreferrer noopener\">Kunniamerkkiohjes\u00e4\u00e4nt\u00f6 (Korvattu perinneohjes\u00e4\u00e4nn\u00f6ll\u00e4)<\/a><\/div>\n\n\n\n<h2 class=\"wp-block-heading has-text-align-left\">Muut toimintaa ohjaavaa dokumentit<\/h2>\n\n\n\n<div class=\"wp-block-file aligncenter\"><a id=\"wp-block-file--media-d7e39d5d-9c51-44ca-865b-d19e550fafc8\" href=\"https:\/\/lyy.fi\/en\/sijoitusohjeistus-2\/\" target=\"_blank\" rel=\"noreferrer noopener\">Sijoitusohjeistus<\/a><\/div>\n\n\n\n<div class=\"wp-block-file aligncenter\"><a id=\"wp-block-file--media-aa18d6dd-58c6-443b-911a-8ff1919754ca\" href=\"https:\/\/lyy.fi\/en\/mainonnan-eettinen-ohjeistus-2\/\" target=\"_blank\" rel=\"noreferrer noopener\">Mainonnan eettinen ohjeistus<\/a><\/div>\n\n\n\n<h3 class=\"wp-block-heading\">Linjapaperit <\/h3>\n\n\n\n<div class=\"wp-block-file\"><a id=\"wp-block-file--media-03e372c7-1143-4142-b0c5-0b9214d2c975\" href=\"https:\/\/lyy.fi\/wp-content\/uploads\/2024\/01\/Opiskelijapoliittinen-linjapaperi-2024-2025-1.pdf\" target=\"_blank\" rel=\"noreferrer noopener\">Opiskelijapoliittinen linjapaperi 2024-2025<\/a><\/div>\n\n\n\n<div class=\"wp-block-file\"><a id=\"wp-block-file--media-f2599158-d01f-41ee-87db-16e919970b00\" href=\"https:\/\/lyy.fi\/wp-content\/uploads\/2022\/12\/Eduskuntavaaliohjelma-2023.pdf\" target=\"_blank\" rel=\"noreferrer noopener\">Eduskuntavaaliohjelma 2023<br><\/a><\/div>\n\n\n\n<h3 class=\"wp-block-heading\">Strategiat <\/h3>\n\n\n\n<div class=\"wp-block-file\"><a id=\"wp-block-file--media-f4a57357-2d89-4468-afea-bc373db2b025\" href=\"https:\/\/lyy.fi\/wp-content\/uploads\/2023\/02\/LYYn-Strategia-2022.pdf\" target=\"_blank\" rel=\"noreferrer noopener\">LYYn Strategia 2022<\/a><\/div>\n\n\n\n<div class=\"wp-block-file\"><a id=\"wp-block-file--media-fca2698d-4b38-4999-9476-151e343af420\" href=\"https:\/\/lyy.fi\/wp-content\/uploads\/2020\/11\/Omistajuustrategia-2020-hyvaksytty-edarissa-6_2020.pdf\" target=\"_blank\" rel=\"noreferrer noopener\">LYYn omistajuustrategia 2020<\/a><\/div>\n\n\n\n<h3 class=\"wp-block-heading\">Henkil\u00f6st\u00f6suunnitelmat <\/h3>\n\n\n\n<div class=\"wp-block-file\"><a id=\"wp-block-file--media-57c490d2-752c-4e67-95ed-52f91ba68ab9\" href=\"https:\/\/lyy.fi\/wp-content\/uploads\/2025\/02\/LYYn-henkilostosuunnitelma-2025.pdf\">LYYn henkil\u00f6st\u00f6suunnitelma 2025<\/a><\/div>\n\n\n\n<h3 class=\"wp-block-heading\">Yhteisen tilan periaatteet <\/h3>\n\n\n\n<div class=\"wp-block-file\"><a id=\"wp-block-file--media-78c9b33c-328c-444a-9e20-bd081ccb3723\" href=\"https:\/\/lyy.fi\/wp-content\/uploads\/2020\/10\/Lapin-yliopiston-ylioppilaskunnan-yhteisen-tilan-periaatteet-1.pdf\" target=\"_blank\" rel=\"noreferrer noopener\">Lapin yliopiston ylioppilaskunnan yhteisen tilan periaatteet<\/a><\/div>\n\n\n\n<h3 class=\"wp-block-heading\">Talous<\/h3>\n\n\n\n<div class=\"wp-block-file\"><a id=\"wp-block-file--media-e98170b2-a6c5-4dfe-95d3-cec70bbfc7b3\" href=\"https:\/\/lyy.fi\/wp-content\/uploads\/2020\/11\/Hankintasuunnitelma-2019-\u2013-2024-1.pdf\">Hankintasuunnitelma 2019-2024<\/a><\/div>\n\n\n\n<h3 class=\"wp-block-heading\">Asiakirjajulkisuuskuvaus<\/h3>\n\n\n\n<div class=\"wp-block-file\"><a id=\"wp-block-file--media-d1a24d52-25e7-44d3-9e98-298cc6395e47\" href=\"https:\/\/lyy.fi\/wp-content\/uploads\/2022\/06\/Asiakirjajulkisuuskuvaus.pdf\" target=\"_blank\" rel=\"noreferrer noopener\">Asiakirjajulkisuuskuvaus<\/a><\/div>\n\n\n\n<p>Osaa asiakirjoista on muokattu tiedostojen saavutettavuuden takaamiseksi. Alkuper\u00e4iset sek\u00e4 vanhemmat asiakirjat ovat saatavilla LYYn toimistolta.<\/p>\n","protected":false},"excerpt":{"rendered":"<p>LYYn edustajisto on p\u00e4ivitt\u00e4nyt LYYn s\u00e4\u00e4nt\u00f6j\u00e4 vuonna 2023. Ylioppilaskunnalla on nykyisin k\u00e4yt\u00f6ss\u00e4\u00e4n peruss\u00e4\u00e4nt\u00f6, hallinto-ohjes\u00e4\u00e4nt\u00f6, sek\u00e4 muita ohjes\u00e4\u00e4nt\u00f6j\u00e4. Hallinto-ohjes\u00e4\u00e4nt\u00f6\u00f6n kuuluu aiemmin erilliset edustajiston ty\u00f6j\u00e4rjestys, hallituksen ty\u00f6j\u00e4rjestys, p\u00e4\u00e4sihteerin johtos\u00e4\u00e4nt\u00f6, ylioppilaskunnan ty\u00f6ntekij\u00f6iden johtos\u00e4\u00e4nt\u00f6 ja LYYn talousohjes\u00e4\u00e4nt\u00f6. LYYn vaalij\u00e4rjestys, ohjes\u00e4\u00e4nt\u00f6 hallinnon opiskelijaedustajista ja perusavustusohjes\u00e4\u00e4nt\u00f6 p\u00e4ivitet\u00e4\u00e4n vuonna 2024. Kunniamerkkiohjes\u00e4\u00e4nt\u00f6 on nykyisin nimelt\u00e4\u00e4n perinneohjes\u00e4\u00e4nt\u00f6. Lapin Ylioppilaslehden ohjes\u00e4\u00e4nt\u00f6, sijoitusohjeistus, mainonnan eettinen ohjeistus &#8230; <a title=\"Toimintaa ohjaavat dokumentit\" class=\"read-more\" href=\"https:\/\/lyy.fi\/en\/material-archive\/toimintaa-ohjaavat-dokumentit\/\" aria-label=\"Read more about Toimintaa ohjaavat dokumentit\">Read more<\/a><\/p>\n","protected":false},"author":1,"featured_media":0,"parent":3364,"menu_order":0,"comment_status":"closed","ping_status":"closed","template":"","meta":{"_acf_changed":false,"_tec_requires_first_save":true,"_uag_custom_page_level_css":"","_price":"","_stock":"","_tribe_ticket_header":"","_tribe_default_ticket_provider":"","_tribe_ticket_capacity":"0","_ticket_start_date":"","_ticket_end_date":"","_tribe_ticket_show_description":"","_tribe_ticket_show_not_going":false,"_tribe_ticket_use_global_stock":"","_tribe_ticket_global_stock_level":"","_global_stock_mode":"","_global_stock_cap":"","_tribe_rsvp_for_event":"","_tribe_ticket_going_count":"","_tribe_ticket_not_going_count":"","_tribe_tickets_list":"[]","_tribe_ticket_has_attendee_info_fields":false,"_EventAllDay":false,"_EventTimezone":"","_EventStartDate":"","_EventEndDate":"","_EventStartDateUTC":"","_EventEndDateUTC":"","_EventShowMap":false,"_EventShowMapLink":false,"_EventURL":"","_EventCost":"","_EventCostDescription":"","_EventCurrencySymbol":"","_EventCurrencyCode":"","_EventCurrencyPosition":"","_EventDateTimeSeparator":"","_EventTimeRangeSeparator":"","_EventOrganizerID":[],"_EventVenueID":[],"_OrganizerEmail":"","_OrganizerPhone":"","_OrganizerWebsite":"","_VenueAddress":"","_VenueCity":"","_VenueCountry":"","_VenueProvince":"","_VenueState":"","_VenueZip":"","_VenuePhone":"","_VenueURL":"","_VenueStateProvince":"","_VenueLat":"","_VenueLng":"","_VenueShowMap":false,"_VenueShowMapLink":false,"_tribe_blocks_recurrence_rules":"","_tribe_blocks_recurrence_description":"","_tribe_blocks_recurrence_exclusions":"","footnotes":"","_tec_slr_enabled":"","_tec_slr_layout":""},"class_list":["post-25001","page","type-page","status-publish"],"acf":[],"yoast_head":"<!-- This site is optimized with the Yoast SEO plugin v27.5 - https:\/\/yoast.com\/product\/yoast-seo-wordpress\/ -->\n<title>Toimintaa ohjaavat dokumentit - LYY<\/title>\n<meta name=\"robots\" content=\"index, follow, max-snippet:-1, max-image-preview:large, max-video-preview:-1\" \/>\n<link rel=\"canonical\" href=\"https:\/\/lyy.fi\/en\/material-archive\/toimintaa-ohjaavat-dokumentit\/\" \/>\n<meta property=\"og:locale\" content=\"en_US\" \/>\n<meta property=\"og:type\" content=\"article\" \/>\n<meta property=\"og:title\" content=\"Toimintaa ohjaavat dokumentit - LYY\" \/>\n<meta property=\"og:description\" content=\"LYYn edustajisto on p\u00e4ivitt\u00e4nyt LYYn s\u00e4\u00e4nt\u00f6j\u00e4 vuonna 2023. Ylioppilaskunnalla on nykyisin k\u00e4yt\u00f6ss\u00e4\u00e4n peruss\u00e4\u00e4nt\u00f6, hallinto-ohjes\u00e4\u00e4nt\u00f6, sek\u00e4 muita ohjes\u00e4\u00e4nt\u00f6j\u00e4. Hallinto-ohjes\u00e4\u00e4nt\u00f6\u00f6n kuuluu aiemmin erilliset edustajiston ty\u00f6j\u00e4rjestys, hallituksen ty\u00f6j\u00e4rjestys, p\u00e4\u00e4sihteerin johtos\u00e4\u00e4nt\u00f6, ylioppilaskunnan ty\u00f6ntekij\u00f6iden johtos\u00e4\u00e4nt\u00f6 ja LYYn talousohjes\u00e4\u00e4nt\u00f6. LYYn vaalij\u00e4rjestys, ohjes\u00e4\u00e4nt\u00f6 hallinnon opiskelijaedustajista ja perusavustusohjes\u00e4\u00e4nt\u00f6 p\u00e4ivitet\u00e4\u00e4n vuonna 2024. Kunniamerkkiohjes\u00e4\u00e4nt\u00f6 on nykyisin nimelt\u00e4\u00e4n perinneohjes\u00e4\u00e4nt\u00f6. Lapin Ylioppilaslehden ohjes\u00e4\u00e4nt\u00f6, sijoitusohjeistus, mainonnan eettinen ohjeistus ... Read more\" \/>\n<meta property=\"og:url\" content=\"https:\/\/lyy.fi\/en\/material-archive\/toimintaa-ohjaavat-dokumentit\/\" \/>\n<meta property=\"og:site_name\" content=\"LYY\" \/>\n<meta property=\"article:publisher\" content=\"https:\/\/www.facebook.com\/lapinyliopistonylioppilaskunta\" \/>\n<meta property=\"article:modified_time\" content=\"2026-01-29T10:39:39+00:00\" \/>\n<meta name=\"twitter:card\" content=\"summary_large_image\" \/>\n<meta name=\"twitter:site\" content=\"@lyytweet\" \/>\n<meta name=\"twitter:label1\" content=\"Est. reading time\" \/>\n\t<meta name=\"twitter:data1\" content=\"2 minutes\" \/>\n<script type=\"application\/ld+json\" class=\"yoast-schema-graph\">{\"@context\":\"https:\\\/\\\/schema.org\",\"@graph\":[{\"@type\":\"WebPage\",\"@id\":\"https:\\\/\\\/lyy.fi\\\/en\\\/material-archive\\\/toimintaa-ohjaavat-dokumentit\\\/\",\"url\":\"https:\\\/\\\/lyy.fi\\\/en\\\/material-archive\\\/toimintaa-ohjaavat-dokumentit\\\/\",\"name\":\"Toimintaa ohjaavat dokumentit - LYY\",\"isPartOf\":{\"@id\":\"https:\\\/\\\/lyy.fi\\\/en\\\/#website\"},\"datePublished\":\"2025-11-13T10:31:24+00:00\",\"dateModified\":\"2026-01-29T10:39:39+00:00\",\"breadcrumb\":{\"@id\":\"https:\\\/\\\/lyy.fi\\\/en\\\/material-archive\\\/toimintaa-ohjaavat-dokumentit\\\/#breadcrumb\"},\"inLanguage\":\"en-US\",\"potentialAction\":[{\"@type\":\"ReadAction\",\"target\":[\"https:\\\/\\\/lyy.fi\\\/en\\\/material-archive\\\/toimintaa-ohjaavat-dokumentit\\\/\"]}]},{\"@type\":\"BreadcrumbList\",\"@id\":\"https:\\\/\\\/lyy.fi\\\/en\\\/material-archive\\\/toimintaa-ohjaavat-dokumentit\\\/#breadcrumb\",\"itemListElement\":[{\"@type\":\"ListItem\",\"position\":1,\"name\":\"Home\",\"item\":\"https:\\\/\\\/lyy.fi\\\/en\\\/\"},{\"@type\":\"ListItem\",\"position\":2,\"name\":\"Material archive\",\"item\":\"https:\\\/\\\/lyy.fi\\\/en\\\/material-archive\\\/\"},{\"@type\":\"ListItem\",\"position\":3,\"name\":\"Toimintaa ohjaavat dokumentit\"}]},{\"@type\":\"WebSite\",\"@id\":\"https:\\\/\\\/lyy.fi\\\/en\\\/#website\",\"url\":\"https:\\\/\\\/lyy.fi\\\/en\\\/\",\"name\":\"LYY\",\"description\":\"Lapin yliopiston ylioppilaskunta\",\"publisher\":{\"@id\":\"https:\\\/\\\/lyy.fi\\\/en\\\/#organization\"},\"potentialAction\":[{\"@type\":\"SearchAction\",\"target\":{\"@type\":\"EntryPoint\",\"urlTemplate\":\"https:\\\/\\\/lyy.fi\\\/en\\\/?s={search_term_string}\"},\"query-input\":{\"@type\":\"PropertyValueSpecification\",\"valueRequired\":true,\"valueName\":\"search_term_string\"}}],\"inLanguage\":\"en-US\"},{\"@type\":\"Organization\",\"@id\":\"https:\\\/\\\/lyy.fi\\\/en\\\/#organization\",\"name\":\"LYY\",\"url\":\"https:\\\/\\\/lyy.fi\\\/en\\\/\",\"logo\":{\"@type\":\"ImageObject\",\"inLanguage\":\"en-US\",\"@id\":\"https:\\\/\\\/lyy.fi\\\/en\\\/#\\\/schema\\\/logo\\\/image\\\/\",\"url\":\"https:\\\/\\\/lyy.fi\\\/wp-content\\\/uploads\\\/2025\\\/03\\\/LYY_logo_nelio.jpg\",\"contentUrl\":\"https:\\\/\\\/lyy.fi\\\/wp-content\\\/uploads\\\/2025\\\/03\\\/LYY_logo_nelio.jpg\",\"width\":225,\"height\":204,\"caption\":\"LYY\"},\"image\":{\"@id\":\"https:\\\/\\\/lyy.fi\\\/en\\\/#\\\/schema\\\/logo\\\/image\\\/\"},\"sameAs\":[\"https:\\\/\\\/www.facebook.com\\\/lapinyliopistonylioppilaskunta\",\"https:\\\/\\\/x.com\\\/lyytweet\",\"https:\\\/\\\/www.instagram.com\\\/lyygram\\\/\"]}]}<\/script>\n<!-- \/ Yoast SEO plugin. -->","yoast_head_json":{"title":"Toimintaa ohjaavat dokumentit - LYY","robots":{"index":"index","follow":"follow","max-snippet":"max-snippet:-1","max-image-preview":"max-image-preview:large","max-video-preview":"max-video-preview:-1"},"canonical":"https:\/\/lyy.fi\/en\/material-archive\/toimintaa-ohjaavat-dokumentit\/","og_locale":"en_US","og_type":"article","og_title":"Toimintaa ohjaavat dokumentit - LYY","og_description":"LYYn edustajisto on p\u00e4ivitt\u00e4nyt LYYn s\u00e4\u00e4nt\u00f6j\u00e4 vuonna 2023. Ylioppilaskunnalla on nykyisin k\u00e4yt\u00f6ss\u00e4\u00e4n peruss\u00e4\u00e4nt\u00f6, hallinto-ohjes\u00e4\u00e4nt\u00f6, sek\u00e4 muita ohjes\u00e4\u00e4nt\u00f6j\u00e4. Hallinto-ohjes\u00e4\u00e4nt\u00f6\u00f6n kuuluu aiemmin erilliset edustajiston ty\u00f6j\u00e4rjestys, hallituksen ty\u00f6j\u00e4rjestys, p\u00e4\u00e4sihteerin johtos\u00e4\u00e4nt\u00f6, ylioppilaskunnan ty\u00f6ntekij\u00f6iden johtos\u00e4\u00e4nt\u00f6 ja LYYn talousohjes\u00e4\u00e4nt\u00f6. LYYn vaalij\u00e4rjestys, ohjes\u00e4\u00e4nt\u00f6 hallinnon opiskelijaedustajista ja perusavustusohjes\u00e4\u00e4nt\u00f6 p\u00e4ivitet\u00e4\u00e4n vuonna 2024. Kunniamerkkiohjes\u00e4\u00e4nt\u00f6 on nykyisin nimelt\u00e4\u00e4n perinneohjes\u00e4\u00e4nt\u00f6. Lapin Ylioppilaslehden ohjes\u00e4\u00e4nt\u00f6, sijoitusohjeistus, mainonnan eettinen ohjeistus ... Read more","og_url":"https:\/\/lyy.fi\/en\/material-archive\/toimintaa-ohjaavat-dokumentit\/","og_site_name":"LYY","article_publisher":"https:\/\/www.facebook.com\/lapinyliopistonylioppilaskunta","article_modified_time":"2026-01-29T10:39:39+00:00","twitter_card":"summary_large_image","twitter_site":"@lyytweet","twitter_misc":{"Est. reading time":"2 minutes"},"schema":{"@context":"https:\/\/schema.org","@graph":[{"@type":"WebPage","@id":"https:\/\/lyy.fi\/en\/material-archive\/toimintaa-ohjaavat-dokumentit\/","url":"https:\/\/lyy.fi\/en\/material-archive\/toimintaa-ohjaavat-dokumentit\/","name":"Toimintaa ohjaavat dokumentit - LYY","isPartOf":{"@id":"https:\/\/lyy.fi\/en\/#website"},"datePublished":"2025-11-13T10:31:24+00:00","dateModified":"2026-01-29T10:39:39+00:00","breadcrumb":{"@id":"https:\/\/lyy.fi\/en\/material-archive\/toimintaa-ohjaavat-dokumentit\/#breadcrumb"},"inLanguage":"en-US","potentialAction":[{"@type":"ReadAction","target":["https:\/\/lyy.fi\/en\/material-archive\/toimintaa-ohjaavat-dokumentit\/"]}]},{"@type":"BreadcrumbList","@id":"https:\/\/lyy.fi\/en\/material-archive\/toimintaa-ohjaavat-dokumentit\/#breadcrumb","itemListElement":[{"@type":"ListItem","position":1,"name":"Home","item":"https:\/\/lyy.fi\/en\/"},{"@type":"ListItem","position":2,"name":"Material archive","item":"https:\/\/lyy.fi\/en\/material-archive\/"},{"@type":"ListItem","position":3,"name":"Toimintaa ohjaavat dokumentit"}]},{"@type":"WebSite","@id":"https:\/\/lyy.fi\/en\/#website","url":"https:\/\/lyy.fi\/en\/","name":"LYY","description":"Lapin yliopiston ylioppilaskunta","publisher":{"@id":"https:\/\/lyy.fi\/en\/#organization"},"potentialAction":[{"@type":"SearchAction","target":{"@type":"EntryPoint","urlTemplate":"https:\/\/lyy.fi\/en\/?s={search_term_string}"},"query-input":{"@type":"PropertyValueSpecification","valueRequired":true,"valueName":"search_term_string"}}],"inLanguage":"en-US"},{"@type":"Organization","@id":"https:\/\/lyy.fi\/en\/#organization","name":"LYY","url":"https:\/\/lyy.fi\/en\/","logo":{"@type":"ImageObject","inLanguage":"en-US","@id":"https:\/\/lyy.fi\/en\/#\/schema\/logo\/image\/","url":"https:\/\/lyy.fi\/wp-content\/uploads\/2025\/03\/LYY_logo_nelio.jpg","contentUrl":"https:\/\/lyy.fi\/wp-content\/uploads\/2025\/03\/LYY_logo_nelio.jpg","width":225,"height":204,"caption":"LYY"},"image":{"@id":"https:\/\/lyy.fi\/en\/#\/schema\/logo\/image\/"},"sameAs":["https:\/\/www.facebook.com\/lapinyliopistonylioppilaskunta","https:\/\/x.com\/lyytweet","https:\/\/www.instagram.com\/lyygram\/"]}]}},"uagb_featured_image_src":{"full":false,"thumbnail":false,"medium":false,"medium_large":false,"large":false,"1536x1536":false,"2048x2048":false,"gform-image-choice-sm":false,"gform-image-choice-md":false,"gform-image-choice-lg":false},"uagb_author_info":{"display_name":"Sollertis","author_link":"https:\/\/lyy.fi\/en\/author\/sollertis\/"},"uagb_comment_info":0,"uagb_excerpt":"LYYn edustajisto on p\u00e4ivitt\u00e4nyt LYYn s\u00e4\u00e4nt\u00f6j\u00e4 vuonna 2023. Ylioppilaskunnalla on nykyisin k\u00e4yt\u00f6ss\u00e4\u00e4n peruss\u00e4\u00e4nt\u00f6, hallinto-ohjes\u00e4\u00e4nt\u00f6, sek\u00e4 muita ohjes\u00e4\u00e4nt\u00f6j\u00e4. Hallinto-ohjes\u00e4\u00e4nt\u00f6\u00f6n kuuluu aiemmin erilliset edustajiston ty\u00f6j\u00e4rjestys, hallituksen ty\u00f6j\u00e4rjestys, p\u00e4\u00e4sihteerin johtos\u00e4\u00e4nt\u00f6, ylioppilaskunnan ty\u00f6ntekij\u00f6iden johtos\u00e4\u00e4nt\u00f6 ja LYYn talousohjes\u00e4\u00e4nt\u00f6. LYYn vaalij\u00e4rjestys, ohjes\u00e4\u00e4nt\u00f6 hallinnon opiskelijaedustajista ja perusavustusohjes\u00e4\u00e4nt\u00f6 p\u00e4ivitet\u00e4\u00e4n vuonna 2024. Kunniamerkkiohjes\u00e4\u00e4nt\u00f6 on nykyisin nimelt\u00e4\u00e4n perinneohjes\u00e4\u00e4nt\u00f6. Lapin Ylioppilaslehden ohjes\u00e4\u00e4nt\u00f6, sijoitusohjeistus, mainonnan eettinen ohjeistus&hellip;","ticketed":false,"_links":{"self":[{"href":"https:\/\/lyy.fi\/en\/wp-json\/wp\/v2\/pages\/25001","targetHints":{"allow":["GET"]}}],"collection":[{"href":"https:\/\/lyy.fi\/en\/wp-json\/wp\/v2\/pages"}],"about":[{"href":"https:\/\/lyy.fi\/en\/wp-json\/wp\/v2\/types\/page"}],"author":[{"embeddable":true,"href":"https:\/\/lyy.fi\/en\/wp-json\/wp\/v2\/users\/1"}],"replies":[{"embeddable":true,"href":"https:\/\/lyy.fi\/en\/wp-json\/wp\/v2\/comments?post=25001"}],"version-history":[{"count":1,"href":"https:\/\/lyy.fi\/en\/wp-json\/wp\/v2\/pages\/25001\/revisions"}],"predecessor-version":[{"id":25004,"href":"https:\/\/lyy.fi\/en\/wp-json\/wp\/v2\/pages\/25001\/revisions\/25004"}],"up":[{"embeddable":true,"href":"https:\/\/lyy.fi\/en\/wp-json\/wp\/v2\/pages\/3364"}],"wp:attachment":[{"href":"https:\/\/lyy.fi\/en\/wp-json\/wp\/v2\/media?parent=25001"}],"curies":[{"name":"wp","href":"https:\/\/api.w.org\/{rel}","templated":true}]}}