{"id":25000,"date":"2019-10-15T09:35:05","date_gmt":"2019-10-15T06:35:05","guid":{"rendered":"https:\/\/uusi.lyy.fi\/material-archive\/edustajisto\/"},"modified":"2026-01-29T12:39:38","modified_gmt":"2026-01-29T10:39:38","slug":"edustajisto","status":"publish","type":"page","link":"https:\/\/lyy.fi\/en\/material-archive\/edustajisto\/","title":{"rendered":"Edustajisto"},"content":{"rendered":"\n<section id=\"g-dpdhlgx\" class=\"wp-block-gutentor-m3 alignfull section-g-dpdhlgx gutentor-module gutentor-container-cover\"><div class=\"grid-container\">\n<section id=\"g-hfgb6ie\" class=\"wp-block-gutentor-m3 section-g-hfgb6ie gutentor-module gutentor-container-cover\"><div class=\"grid-container\">\n<h3 class=\"wp-block-heading\">Esityslistat 2025<\/h3>\n\n\n\n<p><a href=\"https:\/\/lyy.fi\/wp-content\/uploads\/2025\/02\/Esityslista-edustajiston-kokous-1_2025.pdf\">Esityslista edustajiston kokous 1_2025<\/a><\/p>\n\n\n\n<h3 class=\"wp-block-heading\">P\u00e4\u00e4t\u00f6sluettelot 2025<\/h3>\n\n\n\n<p><a href=\"https:\/\/lyy.fi\/wp-content\/uploads\/2025\/02\/Paatosluettelo-edustajiston-kokous-1_2025.pdf\">P\u00e4\u00e4t\u00f6sluettelo edustajiston kokous 1_2025<\/a><\/p>\n\n\n\n<h3 class=\"wp-block-heading\">Esityslistat 2024<\/h3>\n\n\n\n<p><a href=\"https:\/\/lyy.fi\/wp-content\/uploads\/2024\/02\/Esityslista-edustajiston-kokous-1_2024.pdf\" target=\"_blank\" rel=\"noreferrer noopener\">Esityslista edustajiston kokous 1_2024<\/a><\/p>\n\n\n\n<p><a href=\"https:\/\/lyy.fi\/wp-content\/uploads\/2024\/02\/Esityslista-edustajiston-kokous-2_2024.pdf\" target=\"_blank\" rel=\"noreferrer noopener\">Esityslista edustajiston kokous 2_2024<\/a><\/p>\n\n\n\n<p><a href=\"https:\/\/lyy.fi\/wp-content\/uploads\/2024\/03\/Esityslista-edustajiston-kokous-3_2024.pdf\" target=\"_blank\" rel=\"noreferrer noopener\">Esityslista edustajiston kokous 3_2024<\/a><\/p>\n\n\n\n<p><a href=\"https:\/\/lyy.fi\/wp-content\/uploads\/2024\/04\/Esityslista-edustajiston-kokous-4_2024.pdf\" target=\"_blank\" rel=\"noreferrer noopener\">Esityslista edustajiston kokous 4_2024<\/a><\/p>\n\n\n\n<p><a href=\"https:\/\/lyy.fi\/wp-content\/uploads\/2024\/05\/Esityslista-edustajiston-kokous-5_2024.pdf\" target=\"_blank\" rel=\"noreferrer noopener\">Esityslista edustajiston kokous 5_2024<\/a><\/p>\n\n\n\n<p><a href=\"https:\/\/lyy.fi\/wp-content\/uploads\/2024\/05\/Esityslista-edustajiston-kokous-6_2024.pdf\" target=\"_blank\" rel=\"noreferrer noopener\">Esityslista edustajiston kokous 6_2024<\/a><\/p>\n\n\n\n<p><a href=\"https:\/\/lyy.fi\/wp-content\/uploads\/2024\/09\/Esityslista-edustajiston-kokous-7_2024.pdf\" target=\"_blank\" rel=\"noreferrer noopener\">Esityslista edustajiston kokous 7_2024<\/a><\/p>\n\n\n\n<p><a href=\"https:\/\/lyy.fi\/wp-content\/uploads\/2024\/10\/Esityslista-edustajiston-kokous-8_2024.pdf\">Esityslista edustajiston kokous 8_2024<\/a><\/p>\n\n\n\n<p><a href=\"https:\/\/lyy.fi\/wp-content\/uploads\/2024\/11\/Esityslista-edustajiston-kokous-9_2024.pdf\">Esityslista edustajiston kokous 9_2024<\/a><\/p>\n\n\n\n<p><a href=\"https:\/\/lyy.fi\/wp-content\/uploads\/2024\/11\/Esityslista-edustajiston-kokous-10_2024.pdf\">Esityslista edustajiston kokous 10_2024<\/a><\/p>\n\n\n\n<p><a href=\"https:\/\/lyy.fi\/wp-content\/uploads\/2024\/11\/Esityslista-edustajiston-kokous-11_2024.pdf\">Esityslista edustajiston kokous 11_2024<\/a><\/p>\n\n\n\n<h3 class=\"wp-block-heading\">P\u00e4\u00e4t\u00f6sluettelot 2024<\/h3>\n\n\n\n<p><a href=\"https:\/\/lyy.fi\/wp-content\/uploads\/2024\/02\/Paatosluettelo-edustajiston-kokous-1_2024.pdf\" target=\"_blank\" rel=\"noreferrer noopener\">P\u00e4\u00e4t\u00f6sluettelo edustajiston kokous 1_2024<\/a><\/p>\n\n\n\n<p><a href=\"https:\/\/lyy.fi\/wp-content\/uploads\/2024\/02\/Paatosluettelo-edustajiston-kokous-2_2024.pdf\" target=\"_blank\" rel=\"noreferrer noopener\">P\u00e4\u00e4t\u00f6sluettelo edustajiston kokous 2_2024<\/a><\/p>\n\n\n\n<p><a href=\"https:\/\/lyy.fi\/wp-content\/uploads\/2024\/03\/Paatosluettelo-edustajiston-kokous-3_2024.pdf\" target=\"_blank\" rel=\"noreferrer noopener\">P\u00e4\u00e4t\u00f6sluettelo edustajiston-kokous 3_2024<\/a><\/p>\n\n\n\n<p><a href=\"https:\/\/lyy.fi\/wp-content\/uploads\/2024\/04\/Paatosluettelo-edustajiston-kokous-4_2024.pdf\" target=\"_blank\" rel=\"noreferrer noopener\">P\u00e4\u00e4t\u00f6sluettelo edustajiston kokous 4_2024<\/a><\/p>\n\n\n\n<p><a href=\"https:\/\/lyy.fi\/wp-content\/uploads\/2024\/05\/Paatosluettelo-edustajiston-kokous-5_2024.pdf\" target=\"_blank\" rel=\"noreferrer noopener\">P\u00e4\u00e4t\u00f6sluettelo edustajiston kokous 5_2024<\/a><\/p>\n\n\n\n<p><a href=\"https:\/\/lyy.fi\/wp-content\/uploads\/2024\/08\/Paatosluettelo-edustajiston-kokous-6_2024.pdf\" target=\"_blank\" rel=\"noreferrer noopener\">P\u00e4\u00e4t\u00f6sluettelo edustajiston kokous 6_2024<\/a><\/p>\n\n\n\n<p><a href=\"https:\/\/lyy.fi\/wp-content\/uploads\/2024\/10\/Paatosluettelo-edustajiston-kokous-7_2024.pdf\" target=\"_blank\" rel=\"noreferrer noopener\">P\u00e4\u00e4t\u00f6sluettelo edustajiston kokous 7_2024<\/a><\/p>\n\n\n\n<p><a href=\"https:\/\/lyy.fi\/wp-content\/uploads\/2024\/11\/Paatosluettelo-edustajiston-kokous-8_2024-1.pdf\">P\u00e4\u00e4t\u00f6sluettelo edustajiston kokous 8_2024<\/a><\/p>\n\n\n\n<p><a href=\"https:\/\/lyy.fi\/wp-content\/uploads\/2024\/11\/Paatosluettelo-edustajiston-kokous-9_2024.pdf\">P\u00e4\u00e4t\u00f6sluettelo edustajiston kokous 9_2024<\/a><\/p>\n\n\n\n<p><a href=\"https:\/\/lyy.fi\/wp-content\/uploads\/2025\/02\/Paatosluettelo-edustajiston-kokous-10_2024.pdf\">P\u00e4\u00e4t\u00f6sluettelo edustajiston kokous 10_2024<\/a><\/p>\n\n\n\n<p><a href=\"https:\/\/lyy.fi\/wp-content\/uploads\/2025\/02\/Paatosluettelo-edustajiston-kokous-11_2024.pdf\">P\u00e4\u00e4t\u00f6sluettelo edustajiston kokous 11_2024<\/a><\/p>\n\n\n\n<p>Osaa asiakirjoista on muokattu tiedostojen saavutettavuuden takaamiseksi.<br>Alkuper\u00e4iset sek\u00e4 vanhemmat asiakirjat ovat saatavilla LYYn toimistolta.<\/p>\n<\/div><\/section>\n<\/div><\/section>\n","protected":false},"excerpt":{"rendered":"","protected":false},"author":1,"featured_media":0,"parent":3364,"menu_order":0,"comment_status":"closed","ping_status":"closed","template":"","meta":{"_acf_changed":false,"_tec_requires_first_save":true,"_uag_custom_page_level_css":"","_price":"","_stock":"","_tribe_ticket_header":"","_tribe_default_ticket_provider":"","_tribe_ticket_capacity":"0","_ticket_start_date":"","_ticket_end_date":"","_tribe_ticket_show_description":"","_tribe_ticket_show_not_going":false,"_tribe_ticket_use_global_stock":"","_tribe_ticket_global_stock_level":"","_global_stock_mode":"","_global_stock_cap":"","_tribe_rsvp_for_event":"","_tribe_ticket_going_count":"","_tribe_ticket_not_going_count":"","_tribe_tickets_list":"[]","_tribe_ticket_has_attendee_info_fields":false,"_EventAllDay":false,"_EventTimezone":"","_EventStartDate":"","_EventEndDate":"","_EventStartDateUTC":"","_EventEndDateUTC":"","_EventShowMap":false,"_EventShowMapLink":false,"_EventURL":"","_EventCost":"","_EventCostDescription":"","_EventCurrencySymbol":"","_EventCurrencyCode":"","_EventCurrencyPosition":"","_EventDateTimeSeparator":"","_EventTimeRangeSeparator":"","_EventOrganizerID":[],"_EventVenueID":[],"_OrganizerEmail":"","_OrganizerPhone":"","_OrganizerWebsite":"","_VenueAddress":"","_VenueCity":"","_VenueCountry":"","_VenueProvince":"","_VenueState":"","_VenueZip":"","_VenuePhone":"","_VenueURL":"","_VenueStateProvince":"","_VenueLat":"","_VenueLng":"","_VenueShowMap":false,"_VenueShowMapLink":false,"_tribe_blocks_recurrence_rules":"","_tribe_blocks_recurrence_description":"","_tribe_blocks_recurrence_exclusions":"","footnotes":"","_tec_slr_enabled":"","_tec_slr_layout":""},"class_list":["post-25000","page","type-page","status-publish"],"acf":[],"yoast_head":"<!-- This site is optimized with the Yoast SEO plugin v27.3 - https:\/\/yoast.com\/product\/yoast-seo-wordpress\/ -->\n<title>Edustajisto - LYY<\/title>\n<meta name=\"robots\" content=\"index, follow, max-snippet:-1, max-image-preview:large, max-video-preview:-1\" \/>\n<link rel=\"canonical\" href=\"https:\/\/lyy.fi\/en\/material-archive\/edustajisto\/\" \/>\n<meta property=\"og:locale\" content=\"en_US\" \/>\n<meta property=\"og:type\" content=\"article\" \/>\n<meta property=\"og:title\" content=\"Edustajisto - LYY\" \/>\n<meta property=\"og:url\" content=\"https:\/\/lyy.fi\/en\/material-archive\/edustajisto\/\" \/>\n<meta property=\"og:site_name\" content=\"LYY\" \/>\n<meta property=\"article:publisher\" content=\"https:\/\/www.facebook.com\/lapinyliopistonylioppilaskunta\" \/>\n<meta property=\"article:modified_time\" content=\"2026-01-29T10:39:38+00:00\" \/>\n<meta name=\"twitter:card\" content=\"summary_large_image\" \/>\n<meta name=\"twitter:site\" content=\"@lyytweet\" \/>\n<meta name=\"twitter:label1\" content=\"Est. reading time\" \/>\n\t<meta name=\"twitter:data1\" content=\"1 minute\" \/>\n<script type=\"application\/ld+json\" class=\"yoast-schema-graph\">{\"@context\":\"https:\\\/\\\/schema.org\",\"@graph\":[{\"@type\":\"WebPage\",\"@id\":\"https:\\\/\\\/lyy.fi\\\/en\\\/material-archive\\\/edustajisto\\\/\",\"url\":\"https:\\\/\\\/lyy.fi\\\/en\\\/material-archive\\\/edustajisto\\\/\",\"name\":\"Edustajisto - LYY\",\"isPartOf\":{\"@id\":\"https:\\\/\\\/lyy.fi\\\/#website\"},\"datePublished\":\"2019-10-15T06:35:05+00:00\",\"dateModified\":\"2026-01-29T10:39:38+00:00\",\"breadcrumb\":{\"@id\":\"https:\\\/\\\/lyy.fi\\\/en\\\/material-archive\\\/edustajisto\\\/#breadcrumb\"},\"inLanguage\":\"en-US\",\"potentialAction\":[{\"@type\":\"ReadAction\",\"target\":[\"https:\\\/\\\/lyy.fi\\\/en\\\/material-archive\\\/edustajisto\\\/\"]}]},{\"@type\":\"BreadcrumbList\",\"@id\":\"https:\\\/\\\/lyy.fi\\\/en\\\/material-archive\\\/edustajisto\\\/#breadcrumb\",\"itemListElement\":[{\"@type\":\"ListItem\",\"position\":1,\"name\":\"Home\",\"item\":\"https:\\\/\\\/lyy.fi\\\/en\\\/\"},{\"@type\":\"ListItem\",\"position\":2,\"name\":\"Material archive\",\"item\":\"https:\\\/\\\/lyy.fi\\\/en\\\/material-archive\\\/\"},{\"@type\":\"ListItem\",\"position\":3,\"name\":\"Edustajisto\"}]},{\"@type\":\"WebSite\",\"@id\":\"https:\\\/\\\/lyy.fi\\\/#website\",\"url\":\"https:\\\/\\\/lyy.fi\\\/\",\"name\":\"LYY\",\"description\":\"Lapin yliopiston ylioppilaskunta\",\"publisher\":{\"@id\":\"https:\\\/\\\/lyy.fi\\\/#organization\"},\"potentialAction\":[{\"@type\":\"SearchAction\",\"target\":{\"@type\":\"EntryPoint\",\"urlTemplate\":\"https:\\\/\\\/lyy.fi\\\/?s={search_term_string}\"},\"query-input\":{\"@type\":\"PropertyValueSpecification\",\"valueRequired\":true,\"valueName\":\"search_term_string\"}}],\"inLanguage\":\"en-US\"},{\"@type\":\"Organization\",\"@id\":\"https:\\\/\\\/lyy.fi\\\/#organization\",\"name\":\"LYY\",\"url\":\"https:\\\/\\\/lyy.fi\\\/\",\"logo\":{\"@type\":\"ImageObject\",\"inLanguage\":\"en-US\",\"@id\":\"https:\\\/\\\/lyy.fi\\\/#\\\/schema\\\/logo\\\/image\\\/\",\"url\":\"https:\\\/\\\/lyy.fi\\\/wp-content\\\/uploads\\\/2025\\\/03\\\/LYY_logo_nelio.jpg\",\"contentUrl\":\"https:\\\/\\\/lyy.fi\\\/wp-content\\\/uploads\\\/2025\\\/03\\\/LYY_logo_nelio.jpg\",\"width\":225,\"height\":204,\"caption\":\"LYY\"},\"image\":{\"@id\":\"https:\\\/\\\/lyy.fi\\\/#\\\/schema\\\/logo\\\/image\\\/\"},\"sameAs\":[\"https:\\\/\\\/www.facebook.com\\\/lapinyliopistonylioppilaskunta\",\"https:\\\/\\\/x.com\\\/lyytweet\",\"https:\\\/\\\/www.instagram.com\\\/lyygram\\\/\"]}]}<\/script>\n<!-- \/ Yoast SEO plugin. -->","yoast_head_json":{"title":"Edustajisto - LYY","robots":{"index":"index","follow":"follow","max-snippet":"max-snippet:-1","max-image-preview":"max-image-preview:large","max-video-preview":"max-video-preview:-1"},"canonical":"https:\/\/lyy.fi\/en\/material-archive\/edustajisto\/","og_locale":"en_US","og_type":"article","og_title":"Edustajisto - LYY","og_url":"https:\/\/lyy.fi\/en\/material-archive\/edustajisto\/","og_site_name":"LYY","article_publisher":"https:\/\/www.facebook.com\/lapinyliopistonylioppilaskunta","article_modified_time":"2026-01-29T10:39:38+00:00","twitter_card":"summary_large_image","twitter_site":"@lyytweet","twitter_misc":{"Est. reading time":"1 minute"},"schema":{"@context":"https:\/\/schema.org","@graph":[{"@type":"WebPage","@id":"https:\/\/lyy.fi\/en\/material-archive\/edustajisto\/","url":"https:\/\/lyy.fi\/en\/material-archive\/edustajisto\/","name":"Edustajisto - LYY","isPartOf":{"@id":"https:\/\/lyy.fi\/#website"},"datePublished":"2019-10-15T06:35:05+00:00","dateModified":"2026-01-29T10:39:38+00:00","breadcrumb":{"@id":"https:\/\/lyy.fi\/en\/material-archive\/edustajisto\/#breadcrumb"},"inLanguage":"en-US","potentialAction":[{"@type":"ReadAction","target":["https:\/\/lyy.fi\/en\/material-archive\/edustajisto\/"]}]},{"@type":"BreadcrumbList","@id":"https:\/\/lyy.fi\/en\/material-archive\/edustajisto\/#breadcrumb","itemListElement":[{"@type":"ListItem","position":1,"name":"Home","item":"https:\/\/lyy.fi\/en\/"},{"@type":"ListItem","position":2,"name":"Material archive","item":"https:\/\/lyy.fi\/en\/material-archive\/"},{"@type":"ListItem","position":3,"name":"Edustajisto"}]},{"@type":"WebSite","@id":"https:\/\/lyy.fi\/#website","url":"https:\/\/lyy.fi\/","name":"LYY","description":"Lapin yliopiston ylioppilaskunta","publisher":{"@id":"https:\/\/lyy.fi\/#organization"},"potentialAction":[{"@type":"SearchAction","target":{"@type":"EntryPoint","urlTemplate":"https:\/\/lyy.fi\/?s={search_term_string}"},"query-input":{"@type":"PropertyValueSpecification","valueRequired":true,"valueName":"search_term_string"}}],"inLanguage":"en-US"},{"@type":"Organization","@id":"https:\/\/lyy.fi\/#organization","name":"LYY","url":"https:\/\/lyy.fi\/","logo":{"@type":"ImageObject","inLanguage":"en-US","@id":"https:\/\/lyy.fi\/#\/schema\/logo\/image\/","url":"https:\/\/lyy.fi\/wp-content\/uploads\/2025\/03\/LYY_logo_nelio.jpg","contentUrl":"https:\/\/lyy.fi\/wp-content\/uploads\/2025\/03\/LYY_logo_nelio.jpg","width":225,"height":204,"caption":"LYY"},"image":{"@id":"https:\/\/lyy.fi\/#\/schema\/logo\/image\/"},"sameAs":["https:\/\/www.facebook.com\/lapinyliopistonylioppilaskunta","https:\/\/x.com\/lyytweet","https:\/\/www.instagram.com\/lyygram\/"]}]}},"uagb_featured_image_src":{"full":false,"thumbnail":false,"medium":false,"medium_large":false,"large":false,"1536x1536":false,"2048x2048":false,"gform-image-choice-sm":false,"gform-image-choice-md":false,"gform-image-choice-lg":false},"uagb_author_info":{"display_name":"Sollertis","author_link":"https:\/\/lyy.fi\/en\/author\/sollertis\/"},"uagb_comment_info":0,"uagb_excerpt":null,"ticketed":false,"_links":{"self":[{"href":"https:\/\/lyy.fi\/en\/wp-json\/wp\/v2\/pages\/25000","targetHints":{"allow":["GET"]}}],"collection":[{"href":"https:\/\/lyy.fi\/en\/wp-json\/wp\/v2\/pages"}],"about":[{"href":"https:\/\/lyy.fi\/en\/wp-json\/wp\/v2\/types\/page"}],"author":[{"embeddable":true,"href":"https:\/\/lyy.fi\/en\/wp-json\/wp\/v2\/users\/1"}],"replies":[{"embeddable":true,"href":"https:\/\/lyy.fi\/en\/wp-json\/wp\/v2\/comments?post=25000"}],"version-history":[{"count":1,"href":"https:\/\/lyy.fi\/en\/wp-json\/wp\/v2\/pages\/25000\/revisions"}],"predecessor-version":[{"id":25003,"href":"https:\/\/lyy.fi\/en\/wp-json\/wp\/v2\/pages\/25000\/revisions\/25003"}],"up":[{"embeddable":true,"href":"https:\/\/lyy.fi\/en\/wp-json\/wp\/v2\/pages\/3364"}],"wp:attachment":[{"href":"https:\/\/lyy.fi\/en\/wp-json\/wp\/v2\/media?parent=25000"}],"curies":[{"name":"wp","href":"https:\/\/api.w.org\/{rel}","templated":true}]}}