{"id":24997,"date":"2019-10-15T09:56:28","date_gmt":"2019-10-15T06:56:28","guid":{"rendered":"https:\/\/uusi.lyy.fi\/material-archive\/hallitus\/"},"modified":"2026-01-29T12:39:34","modified_gmt":"2026-01-29T10:39:34","slug":"hallitus","status":"publish","type":"page","link":"https:\/\/lyy.fi\/en\/material-archive\/hallitus\/","title":{"rendered":"Hallitus"},"content":{"rendered":"\n<h2 class=\"wp-block-heading has-text-align-center\" id=\"paatosluettelot\">Hallituksen p\u00e4\u00e4t\u00f6sluettelot<\/h2>\n\n\n\n<section id=\"g-q5n22p5\" class=\"wp-block-gutentor-m3 alignfull section-g-q5n22p5 gutentor-module gutentor-container-cover\"><div class=\"grid-container\">\n<section id=\"g-m6kc111\" class=\"wp-block-gutentor-m3 section-g-m6kc111 gutentor-module gutentor-container-cover\"><div class=\"grid-container\">\n<h2 class=\"wp-block-heading has-text-align-left\">Kev\u00e4t 2025<\/h2>\n\n\n\n<div class=\"wp-block-file\"><a id=\"wp-block-file--media-0b5bb2b3-54c9-4460-b0bf-8d41118f952e\" href=\"https:\/\/lyy.fi\/wp-content\/uploads\/2025\/03\/Paatosluettelo-hallituksen-kokous-1-2025.pdf\">P\u00e4\u00e4t\u00f6sluettelo hallituksen kokous 1 2025&#8242;<\/a><\/div>\n\n\n\n<div class=\"wp-block-file\"><a id=\"wp-block-file--media-1a853b31-438f-4584-8483-c35c12ae814c\" href=\"https:\/\/lyy.fi\/wp-content\/uploads\/2025\/03\/Paatosluettelo-hallituksen-kokous-2-2025.pdf\">P\u00e4\u00e4t\u00f6sluettelo hallituksen kokous 2 2025<\/a><\/div>\n\n\n\n<div class=\"wp-block-file\"><a id=\"wp-block-file--media-a86aeae3-bfd5-4b02-9dd1-36a559bee182\" href=\"https:\/\/lyy.fi\/wp-content\/uploads\/2025\/03\/Paatosluettelo-hallituksen-kokous-3-2025.pdf\">P\u00e4\u00e4t\u00f6sluettelo hallituksen kokous 3 2025<\/a><\/div>\n\n\n\n<div class=\"wp-block-file\"><a id=\"wp-block-file--media-c9080d9a-5ed5-4622-b2ea-08a0bd86d517\" href=\"https:\/\/lyy.fi\/wp-content\/uploads\/2025\/03\/Paatosluettelo-hallituksen-kokous-4-2025.pdf\">P\u00e4\u00e4t\u00f6sluettelo hallituksen kokous 4 2025<\/a><\/div>\n\n\n\n<div class=\"wp-block-file\"><a id=\"wp-block-file--media-05bdc254-add8-408a-9457-6cd068db88f9\" href=\"https:\/\/lyy.fi\/wp-content\/uploads\/2025\/03\/Paatosluettelo-hallituksen-kokous-5-2025.pdf\">P\u00e4\u00e4t\u00f6sluettelo hallituksen kokous 5 2025<\/a><\/div>\n\n\n\n<div class=\"wp-block-file\"><a id=\"wp-block-file--media-c2b8ad06-d4c0-47bf-afb7-82ba9e675cd2\" href=\"https:\/\/lyy.fi\/wp-content\/uploads\/2025\/03\/Paatosluettelo-hallituksen-kokous-6-2025.pdf\">P\u00e4\u00e4t\u00f6sluettelo hallituksen kokous 6 2025<\/a><\/div>\n\n\n\n<div class=\"wp-block-file\"><a id=\"wp-block-file--media-eef96379-d461-4ebd-aa93-2d4fa1e9a837\" href=\"https:\/\/lyy.fi\/wp-content\/uploads\/2025\/03\/Paatosluettelo-hallituksen-kokous-7-2025.pdf\">P\u00e4\u00e4t\u00f6sluettelo hallituksen kokous 7 2025<\/a><\/div>\n\n\n\n<div class=\"wp-block-file\"><a id=\"wp-block-file--media-b7c62fee-e971-4d7c-b4c5-feb634427549\" href=\"https:\/\/lyy.fi\/wp-content\/uploads\/2025\/03\/Paatosluettelo-hallituksen-kokous-8-2025.pdf\">P\u00e4\u00e4t\u00f6sluettelo hallituksen kokous 8 2025<\/a><\/div>\n\n\n\n<p class=\"has-text-align-center\">Osaa asiakirjoista on muokattu tiedostojen saavutettavuuden takaamiseksi. Alkuper\u00e4iset sek\u00e4 vanhemmat asiakirjat ovat saatavilla LYYn toimistolta.<\/p>\n<\/div><\/section>\n<\/div><\/section>\n","protected":false},"excerpt":{"rendered":"<p>Hallituksen p\u00e4\u00e4t\u00f6sluettelot<\/p>\n","protected":false},"author":1,"featured_media":0,"parent":3364,"menu_order":0,"comment_status":"closed","ping_status":"closed","template":"","meta":{"_acf_changed":false,"_tec_requires_first_save":true,"_uag_custom_page_level_css":"","_price":"","_stock":"","_tribe_ticket_header":"","_tribe_default_ticket_provider":"","_tribe_ticket_capacity":"0","_ticket_start_date":"","_ticket_end_date":"","_tribe_ticket_show_description":"","_tribe_ticket_show_not_going":false,"_tribe_ticket_use_global_stock":"","_tribe_ticket_global_stock_level":"","_global_stock_mode":"","_global_stock_cap":"","_tribe_rsvp_for_event":"","_tribe_ticket_going_count":"","_tribe_ticket_not_going_count":"","_tribe_tickets_list":"[]","_tribe_ticket_has_attendee_info_fields":false,"_EventAllDay":false,"_EventTimezone":"","_EventStartDate":"","_EventEndDate":"","_EventStartDateUTC":"","_EventEndDateUTC":"","_EventShowMap":false,"_EventShowMapLink":false,"_EventURL":"","_EventCost":"","_EventCostDescription":"","_EventCurrencySymbol":"","_EventCurrencyCode":"","_EventCurrencyPosition":"","_EventDateTimeSeparator":"","_EventTimeRangeSeparator":"","_EventOrganizerID":[],"_EventVenueID":[],"_OrganizerEmail":"","_OrganizerPhone":"","_OrganizerWebsite":"","_VenueAddress":"","_VenueCity":"","_VenueCountry":"","_VenueProvince":"","_VenueState":"","_VenueZip":"","_VenuePhone":"","_VenueURL":"","_VenueStateProvince":"","_VenueLat":"","_VenueLng":"","_VenueShowMap":false,"_VenueShowMapLink":false,"_tribe_blocks_recurrence_rules":"","_tribe_blocks_recurrence_description":"","_tribe_blocks_recurrence_exclusions":"","footnotes":"","_tec_slr_enabled":"","_tec_slr_layout":""},"class_list":["post-24997","page","type-page","status-publish"],"acf":[],"yoast_head":"<!-- This site is optimized with the Yoast SEO plugin v27.3 - https:\/\/yoast.com\/product\/yoast-seo-wordpress\/ -->\n<title>Hallitus - LYY<\/title>\n<meta name=\"robots\" content=\"index, follow, max-snippet:-1, max-image-preview:large, max-video-preview:-1\" \/>\n<link rel=\"canonical\" href=\"https:\/\/lyy.fi\/en\/material-archive\/hallitus\/\" \/>\n<meta property=\"og:locale\" content=\"en_US\" \/>\n<meta property=\"og:type\" content=\"article\" \/>\n<meta property=\"og:title\" content=\"Hallitus - LYY\" \/>\n<meta property=\"og:description\" content=\"Hallituksen p\u00e4\u00e4t\u00f6sluettelot\" \/>\n<meta property=\"og:url\" content=\"https:\/\/lyy.fi\/en\/material-archive\/hallitus\/\" \/>\n<meta property=\"og:site_name\" content=\"LYY\" \/>\n<meta property=\"article:publisher\" content=\"https:\/\/www.facebook.com\/lapinyliopistonylioppilaskunta\" \/>\n<meta property=\"article:modified_time\" content=\"2026-01-29T10:39:34+00:00\" \/>\n<meta name=\"twitter:card\" content=\"summary_large_image\" \/>\n<meta name=\"twitter:site\" content=\"@lyytweet\" \/>\n<meta name=\"twitter:label1\" content=\"Est. reading time\" \/>\n\t<meta name=\"twitter:data1\" content=\"1 minute\" \/>\n<script type=\"application\/ld+json\" class=\"yoast-schema-graph\">{\"@context\":\"https:\\\/\\\/schema.org\",\"@graph\":[{\"@type\":\"WebPage\",\"@id\":\"https:\\\/\\\/lyy.fi\\\/en\\\/material-archive\\\/hallitus\\\/\",\"url\":\"https:\\\/\\\/lyy.fi\\\/en\\\/material-archive\\\/hallitus\\\/\",\"name\":\"Hallitus - LYY\",\"isPartOf\":{\"@id\":\"https:\\\/\\\/lyy.fi\\\/#website\"},\"datePublished\":\"2019-10-15T06:56:28+00:00\",\"dateModified\":\"2026-01-29T10:39:34+00:00\",\"breadcrumb\":{\"@id\":\"https:\\\/\\\/lyy.fi\\\/en\\\/material-archive\\\/hallitus\\\/#breadcrumb\"},\"inLanguage\":\"en-US\",\"potentialAction\":[{\"@type\":\"ReadAction\",\"target\":[\"https:\\\/\\\/lyy.fi\\\/en\\\/material-archive\\\/hallitus\\\/\"]}]},{\"@type\":\"BreadcrumbList\",\"@id\":\"https:\\\/\\\/lyy.fi\\\/en\\\/material-archive\\\/hallitus\\\/#breadcrumb\",\"itemListElement\":[{\"@type\":\"ListItem\",\"position\":1,\"name\":\"Home\",\"item\":\"https:\\\/\\\/lyy.fi\\\/en\\\/\"},{\"@type\":\"ListItem\",\"position\":2,\"name\":\"Material archive\",\"item\":\"https:\\\/\\\/lyy.fi\\\/en\\\/material-archive\\\/\"},{\"@type\":\"ListItem\",\"position\":3,\"name\":\"Hallitus\"}]},{\"@type\":\"WebSite\",\"@id\":\"https:\\\/\\\/lyy.fi\\\/#website\",\"url\":\"https:\\\/\\\/lyy.fi\\\/\",\"name\":\"LYY\",\"description\":\"Lapin yliopiston ylioppilaskunta\",\"publisher\":{\"@id\":\"https:\\\/\\\/lyy.fi\\\/#organization\"},\"potentialAction\":[{\"@type\":\"SearchAction\",\"target\":{\"@type\":\"EntryPoint\",\"urlTemplate\":\"https:\\\/\\\/lyy.fi\\\/?s={search_term_string}\"},\"query-input\":{\"@type\":\"PropertyValueSpecification\",\"valueRequired\":true,\"valueName\":\"search_term_string\"}}],\"inLanguage\":\"en-US\"},{\"@type\":\"Organization\",\"@id\":\"https:\\\/\\\/lyy.fi\\\/#organization\",\"name\":\"LYY\",\"url\":\"https:\\\/\\\/lyy.fi\\\/\",\"logo\":{\"@type\":\"ImageObject\",\"inLanguage\":\"en-US\",\"@id\":\"https:\\\/\\\/lyy.fi\\\/#\\\/schema\\\/logo\\\/image\\\/\",\"url\":\"https:\\\/\\\/lyy.fi\\\/wp-content\\\/uploads\\\/2025\\\/03\\\/LYY_logo_nelio.jpg\",\"contentUrl\":\"https:\\\/\\\/lyy.fi\\\/wp-content\\\/uploads\\\/2025\\\/03\\\/LYY_logo_nelio.jpg\",\"width\":225,\"height\":204,\"caption\":\"LYY\"},\"image\":{\"@id\":\"https:\\\/\\\/lyy.fi\\\/#\\\/schema\\\/logo\\\/image\\\/\"},\"sameAs\":[\"https:\\\/\\\/www.facebook.com\\\/lapinyliopistonylioppilaskunta\",\"https:\\\/\\\/x.com\\\/lyytweet\",\"https:\\\/\\\/www.instagram.com\\\/lyygram\\\/\"]}]}<\/script>\n<!-- \/ Yoast SEO plugin. -->","yoast_head_json":{"title":"Hallitus - LYY","robots":{"index":"index","follow":"follow","max-snippet":"max-snippet:-1","max-image-preview":"max-image-preview:large","max-video-preview":"max-video-preview:-1"},"canonical":"https:\/\/lyy.fi\/en\/material-archive\/hallitus\/","og_locale":"en_US","og_type":"article","og_title":"Hallitus - LYY","og_description":"Hallituksen p\u00e4\u00e4t\u00f6sluettelot","og_url":"https:\/\/lyy.fi\/en\/material-archive\/hallitus\/","og_site_name":"LYY","article_publisher":"https:\/\/www.facebook.com\/lapinyliopistonylioppilaskunta","article_modified_time":"2026-01-29T10:39:34+00:00","twitter_card":"summary_large_image","twitter_site":"@lyytweet","twitter_misc":{"Est. reading time":"1 minute"},"schema":{"@context":"https:\/\/schema.org","@graph":[{"@type":"WebPage","@id":"https:\/\/lyy.fi\/en\/material-archive\/hallitus\/","url":"https:\/\/lyy.fi\/en\/material-archive\/hallitus\/","name":"Hallitus - LYY","isPartOf":{"@id":"https:\/\/lyy.fi\/#website"},"datePublished":"2019-10-15T06:56:28+00:00","dateModified":"2026-01-29T10:39:34+00:00","breadcrumb":{"@id":"https:\/\/lyy.fi\/en\/material-archive\/hallitus\/#breadcrumb"},"inLanguage":"en-US","potentialAction":[{"@type":"ReadAction","target":["https:\/\/lyy.fi\/en\/material-archive\/hallitus\/"]}]},{"@type":"BreadcrumbList","@id":"https:\/\/lyy.fi\/en\/material-archive\/hallitus\/#breadcrumb","itemListElement":[{"@type":"ListItem","position":1,"name":"Home","item":"https:\/\/lyy.fi\/en\/"},{"@type":"ListItem","position":2,"name":"Material archive","item":"https:\/\/lyy.fi\/en\/material-archive\/"},{"@type":"ListItem","position":3,"name":"Hallitus"}]},{"@type":"WebSite","@id":"https:\/\/lyy.fi\/#website","url":"https:\/\/lyy.fi\/","name":"LYY","description":"Lapin yliopiston ylioppilaskunta","publisher":{"@id":"https:\/\/lyy.fi\/#organization"},"potentialAction":[{"@type":"SearchAction","target":{"@type":"EntryPoint","urlTemplate":"https:\/\/lyy.fi\/?s={search_term_string}"},"query-input":{"@type":"PropertyValueSpecification","valueRequired":true,"valueName":"search_term_string"}}],"inLanguage":"en-US"},{"@type":"Organization","@id":"https:\/\/lyy.fi\/#organization","name":"LYY","url":"https:\/\/lyy.fi\/","logo":{"@type":"ImageObject","inLanguage":"en-US","@id":"https:\/\/lyy.fi\/#\/schema\/logo\/image\/","url":"https:\/\/lyy.fi\/wp-content\/uploads\/2025\/03\/LYY_logo_nelio.jpg","contentUrl":"https:\/\/lyy.fi\/wp-content\/uploads\/2025\/03\/LYY_logo_nelio.jpg","width":225,"height":204,"caption":"LYY"},"image":{"@id":"https:\/\/lyy.fi\/#\/schema\/logo\/image\/"},"sameAs":["https:\/\/www.facebook.com\/lapinyliopistonylioppilaskunta","https:\/\/x.com\/lyytweet","https:\/\/www.instagram.com\/lyygram\/"]}]}},"uagb_featured_image_src":{"full":false,"thumbnail":false,"medium":false,"medium_large":false,"large":false,"1536x1536":false,"2048x2048":false,"gform-image-choice-sm":false,"gform-image-choice-md":false,"gform-image-choice-lg":false},"uagb_author_info":{"display_name":"Sollertis","author_link":"https:\/\/lyy.fi\/en\/author\/sollertis\/"},"uagb_comment_info":0,"uagb_excerpt":"Hallituksen p\u00e4\u00e4t\u00f6sluettelot","ticketed":false,"_links":{"self":[{"href":"https:\/\/lyy.fi\/en\/wp-json\/wp\/v2\/pages\/24997","targetHints":{"allow":["GET"]}}],"collection":[{"href":"https:\/\/lyy.fi\/en\/wp-json\/wp\/v2\/pages"}],"about":[{"href":"https:\/\/lyy.fi\/en\/wp-json\/wp\/v2\/types\/page"}],"author":[{"embeddable":true,"href":"https:\/\/lyy.fi\/en\/wp-json\/wp\/v2\/users\/1"}],"replies":[{"embeddable":true,"href":"https:\/\/lyy.fi\/en\/wp-json\/wp\/v2\/comments?post=24997"}],"version-history":[{"count":1,"href":"https:\/\/lyy.fi\/en\/wp-json\/wp\/v2\/pages\/24997\/revisions"}],"predecessor-version":[{"id":25002,"href":"https:\/\/lyy.fi\/en\/wp-json\/wp\/v2\/pages\/24997\/revisions\/25002"}],"up":[{"embeddable":true,"href":"https:\/\/lyy.fi\/en\/wp-json\/wp\/v2\/pages\/3364"}],"wp:attachment":[{"href":"https:\/\/lyy.fi\/en\/wp-json\/wp\/v2\/media?parent=24997"}],"curies":[{"name":"wp","href":"https:\/\/api.w.org\/{rel}","templated":true}]}}