{"id":2212,"date":"2019-06-26T09:50:11","date_gmt":"2019-06-26T06:50:11","guid":{"rendered":"https:\/\/lyy.fi\/?page_id=2212"},"modified":"2026-02-17T12:45:46","modified_gmt":"2026-02-17T10:45:46","slug":"lyy","status":"publish","type":"page","link":"https:\/\/lyy.fi\/en\/lyy\/","title":{"rendered":"LYY"},"content":{"rendered":"\n<p>Tied\u00e4tk\u00f6 mik\u00e4 Lapin yliopiston ylioppilaskunta, eli LYY, on\nja mit\u00e4 se tekee?&nbsp; Haluatko tutustua\nmeid\u00e4n toimintaan tarkemmin?<\/p>\n\n\n\n<p>LYY on noin 3800 j\u00e4senen opiskelijayhteis\u00f6 Lapin yliopistossa. LYY on j\u00e4sentens\u00e4 edunvalvonta- ja palveluorganisaatio, jonka t\u00e4rkeimpiin teht\u00e4viin kuuluu muun muassa j\u00e4sentens\u00e4 edunvalvonta niin paikallisesti kuin valtakunnallisesti sek\u00e4 lis\u00e4ksi palvelujen tarjoaminen ja tapahtumien j\u00e4rjest\u00e4minen kaikille yliopiston opiskelijoille. N\u00e4ilt\u00e4 sivuilta l\u00f6yd\u00e4t lis\u00e4tietoja LYYst\u00e4 ja sen tarjoamista palveluista!<\/p>\n\n\n\n<section id=\"g-9ry1afd\" class=\"wp-block-gutentor-m3 section-g-9ry1afd gutentor-module gutentor-container-cover\"><div class=\"grid-container\">\n<section id=\"g-p12gj19\" class=\"wp-block-gutentor-m3 section-g-p12gj19 gutentor-module gutentor-container-cover has-image-bg has-custom-bg has-gutentor-overlay link-block\"><div class=\"grid-container\">\n<div id=\"section-g-pc26pe1\" class=\"wp-block-gutentor-e1 section-g-pc26pe1 gutentor-element gutentor-element-advanced-text\"><div class=\"gutentor-text-wrap\"><h2 class=\"gutentor-text\">Ajankohtaista<\/h2><\/div><\/div>\n\n\n\n<div id=\"section-g-41lrmw5\" class=\"wp-block-gutentor-e1 section-g-41lrmw5 gutentor-element gutentor-element-advanced-text\"><div class=\"gutentor-text-wrap\"><p class=\"gutentor-text\">Tapahtumat ja uutiset<\/p><\/div><\/div>\n\n\n\n<div id=\"section-g-7n1cfsi\" class=\"wp-block-gutentor-e2 section-g-7n1cfsi gutentor-element gutentor-element-button\"><span class=\"gutentor-button-wrap\"><a class=\"gutentor-button gutentor-block-button gutentor-icon-hide\" href=\"https:\/\/lyy.fi\/en\/lyy\/ajankohtaiset\/\"><i class=\"gutentor-button-icon fas fa-book\"><\/i><span>Lue lis\u00e4\u00e4 ajankohtaisista asioista<\/span><\/a><\/span><\/div>\n<\/div><\/section>\n\n\n\n<section id=\"g-hbwj7th\" class=\"wp-block-gutentor-m3 section-g-hbwj7th gutentor-module gutentor-container-cover has-image-bg has-custom-bg has-gutentor-overlay link-block\"><div class=\"grid-container\">\n<div id=\"section-g-2y9155b\" class=\"wp-block-gutentor-e1 section-g-2y9155b gutentor-element gutentor-element-advanced-text\"><div class=\"gutentor-text-wrap\"><h2 class=\"gutentor-text\">Organisaatio<\/h2><\/div><\/div>\n\n\n\n<div id=\"section-g-7jvo0o0\" class=\"wp-block-gutentor-e1 section-g-7jvo0o0 gutentor-element gutentor-element-advanced-text\"><div class=\"gutentor-text-wrap\"><p class=\"gutentor-text\">Edari, hallitus, ty\u00f6ntekij\u00e4t\u2026 Mik\u00e4 LYY oikein on ja miten organisaatio toimii?<\/p><\/div><\/div>\n\n\n\n<div id=\"section-g-qzslum0\" class=\"wp-block-gutentor-e2 section-g-qzslum0 gutentor-element gutentor-element-button\"><span class=\"gutentor-button-wrap\"><a class=\"gutentor-button gutentor-block-button gutentor-icon-hide\" href=\"https:\/\/lyy.fi\/en\/lyy\/organization\/\"><i class=\"gutentor-button-icon fas fa-book\"><\/i><span>Lue lis\u00e4\u00e4 organisaatiosta<\/span><\/a><\/span><\/div>\n<\/div><\/section>\n\n\n\n<section id=\"g-6tdi62b\" class=\"wp-block-gutentor-m3 section-g-6tdi62b gutentor-module gutentor-container-cover has-image-bg has-custom-bg has-gutentor-overlay link-block\"><div class=\"grid-container\">\n<div id=\"section-g-y0b1qd2\" class=\"wp-block-gutentor-e1 section-g-y0b1qd2 gutentor-element gutentor-element-advanced-text\"><div class=\"gutentor-text-wrap\"><h2 class=\"gutentor-text\">Vaikuta<\/h2><\/div><\/div>\n\n\n\n<div id=\"section-g-db1oi4t\" class=\"wp-block-gutentor-e1 section-g-db1oi4t gutentor-element gutentor-element-advanced-text\"><div class=\"gutentor-text-wrap\"><p class=\"gutentor-text\">Ylioppilaskunnan toimintaan voi osallistua usealla eri tavalla. L\u00f6yd\u00e4 oma tapasi l\u00e4hte\u00e4 mukaan!<\/p><\/div><\/div>\n\n\n\n<div id=\"section-g-vmh91oh\" class=\"wp-block-gutentor-e2 section-g-vmh91oh gutentor-element gutentor-element-button\"><span class=\"gutentor-button-wrap\"><a class=\"gutentor-button gutentor-block-button gutentor-icon-hide\" href=\"https:\/\/lyy.fi\/en\/lyy\/get-involved\/\"><i class=\"gutentor-button-icon fas fa-book\"><\/i><span>Lue lis\u00e4\u00e4 vaikuttamisesta<\/span><\/a><\/span><\/div>\n<\/div><\/section>\n\n\n\n<section id=\"g-j11x8jw\" class=\"wp-block-gutentor-m3 section-g-j11x8jw gutentor-module gutentor-container-cover has-image-bg has-custom-bg has-gutentor-overlay link-block\"><div class=\"grid-container\">\n<div id=\"section-g-211vjpv\" class=\"wp-block-gutentor-e1 section-g-211vjpv gutentor-element gutentor-element-advanced-text\"><div class=\"gutentor-text-wrap\"><h2 class=\"gutentor-text\">Edunvalvonta<\/h2><\/div><\/div>\n\n\n\n<div id=\"section-g-hmceiid\" class=\"wp-block-gutentor-e1 section-g-hmceiid gutentor-element gutentor-element-advanced-text\"><div class=\"gutentor-text-wrap\"><p class=\"gutentor-text\">Opiskelijoiden edunvalvonta on LYYn t\u00e4rkein teht\u00e4v\u00e4!<\/p><\/div><\/div>\n\n\n\n<div id=\"section-g-ll789zz\" class=\"wp-block-gutentor-e2 section-g-ll789zz gutentor-element gutentor-element-button\"><span class=\"gutentor-button-wrap\"><a class=\"gutentor-button gutentor-block-button gutentor-icon-hide\" href=\"\/en\/toiminta\/edunvalvonta-lyyssa\/\"><i class=\"gutentor-button-icon fas fa-book\"><\/i><span>Lue lis\u00e4\u00e4 edunvalvonnasta<\/span><\/a><\/span><\/div>\n<\/div><\/section>\n\n\n\n<section id=\"g-9o1a1ds\" class=\"wp-block-gutentor-m3 section-g-9o1a1ds gutentor-module gutentor-container-cover has-image-bg has-custom-bg has-gutentor-overlay link-block\"><div class=\"grid-container\">\n<div id=\"section-g-14ommbq\" class=\"wp-block-gutentor-e1 section-g-14ommbq gutentor-element gutentor-element-advanced-text\"><div class=\"gutentor-text-wrap\"><h2 class=\"gutentor-text\">Vapaa-aika<\/h2><\/div><\/div>\n\n\n\n<div id=\"section-g-sei5c7a\" class=\"wp-block-gutentor-e1 section-g-sei5c7a gutentor-element gutentor-element-advanced-text\"><div class=\"gutentor-text-wrap\"><p class=\"gutentor-text\">LYY on iso osa paikallista opiskelijakulttuuria muun muassa tapahtumien muodossa. LYYn j\u00e4senen\u00e4 p\u00e4\u00e4set nauttimaan mahtavasta opiskelijael\u00e4m\u00e4st\u00e4 ja luomaan ikimuistoisia p\u00e4ivi\u00e4 muiden opiskelijoiden joukossa.<\/p><\/div><\/div>\n\n\n\n<div id=\"section-g-jtj7tkd\" class=\"wp-block-gutentor-e2 section-g-jtj7tkd gutentor-element gutentor-element-button\"><span class=\"gutentor-button-wrap\"><a class=\"gutentor-button gutentor-block-button gutentor-icon-hide\" href=\"https:\/\/lyy.fi\/en\/our-work\/activities\/\"><i class=\"gutentor-button-icon fas fa-book\"><\/i><span>Lue lis\u00e4\u00e4 vapaa-ajasta<\/span><\/a><\/span><\/div>\n<\/div><\/section>\n\n\n\n<section id=\"g-anhw74t\" class=\"wp-block-gutentor-m3 section-g-anhw74t gutentor-module gutentor-container-cover has-image-bg has-custom-bg has-gutentor-overlay link-block\"><div class=\"grid-container\">\n<div id=\"section-g-gc6srxk\" class=\"wp-block-gutentor-e1 section-g-gc6srxk gutentor-element gutentor-element-advanced-text\"><div class=\"gutentor-text-wrap\"><h2 class=\"gutentor-text\">Kehitys-yhteisty\u00f6 ja ymp\u00e4rist\u00f6<\/h2><\/div><\/div>\n\n\n\n<div id=\"section-g-513m8s3\" class=\"wp-block-gutentor-e1 section-g-513m8s3 gutentor-element gutentor-element-advanced-text\"><div class=\"gutentor-text-wrap\"><p class=\"gutentor-text\">Ylioppilaskuntamme osallistuu aktiivisesti kehitysyhteisty\u00f6st\u00e4 ja ymp\u00e4rist\u00f6st\u00e4 huolehtimiseen.<\/p><\/div><\/div>\n\n\n\n<div id=\"section-g-3vc77sp\" class=\"wp-block-gutentor-e2 section-g-3vc77sp gutentor-element gutentor-element-button\"><span class=\"gutentor-button-wrap\"><a class=\"gutentor-button gutentor-block-button gutentor-icon-hide\" href=\"https:\/\/lyy.fi\/en\/our-work\/development-cooperation-and-environmental-issues\/\"><i class=\"gutentor-button-icon fas fa-book\"><\/i><span>Lue lis\u00e4\u00e4 kehitys-yhteisty\u00f6st\u00e4 ja ymp\u00e4rist\u00f6st\u00e4<\/span><\/a><\/span><\/div>\n<\/div><\/section>\n<\/div><\/section>\n","protected":false},"excerpt":{"rendered":"<p>Tied\u00e4tk\u00f6 mik\u00e4 Lapin yliopiston ylioppilaskunta, eli LYY, on ja mit\u00e4 se tekee?&nbsp; Haluatko tutustua meid\u00e4n toimintaan tarkemmin? LYY on noin 3800 j\u00e4senen opiskelijayhteis\u00f6 Lapin yliopistossa. LYY on j\u00e4sentens\u00e4 edunvalvonta- ja palveluorganisaatio, jonka t\u00e4rkeimpiin teht\u00e4viin kuuluu muun muassa j\u00e4sentens\u00e4 edunvalvonta niin paikallisesti kuin valtakunnallisesti sek\u00e4 lis\u00e4ksi palvelujen tarjoaminen ja tapahtumien j\u00e4rjest\u00e4minen kaikille yliopiston opiskelijoille. N\u00e4ilt\u00e4 sivuilta &#8230; <a title=\"LYY\" class=\"read-more\" href=\"https:\/\/lyy.fi\/en\/lyy\/\" aria-label=\"Read more about LYY\">Read more<\/a><\/p>\n","protected":false},"author":1,"featured_media":0,"parent":0,"menu_order":0,"comment_status":"closed","ping_status":"closed","template":"","meta":{"_acf_changed":false,"_tec_requires_first_save":true,"_uag_custom_page_level_css":"","_price":"","_stock":"","_tribe_ticket_header":"","_tribe_default_ticket_provider":"","_tribe_ticket_capacity":"0","_ticket_start_date":"","_ticket_end_date":"","_tribe_ticket_show_description":"","_tribe_ticket_show_not_going":false,"_tribe_ticket_use_global_stock":"","_tribe_ticket_global_stock_level":"","_global_stock_mode":"","_global_stock_cap":"","_tribe_rsvp_for_event":"","_tribe_ticket_going_count":"","_tribe_ticket_not_going_count":"","_tribe_tickets_list":"[]","_tribe_ticket_has_attendee_info_fields":false,"_EventAllDay":false,"_EventTimezone":"","_EventStartDate":"","_EventEndDate":"","_EventStartDateUTC":"","_EventEndDateUTC":"","_EventShowMap":false,"_EventShowMapLink":false,"_EventURL":"","_EventCost":"","_EventCostDescription":"","_EventCurrencySymbol":"","_EventCurrencyCode":"","_EventCurrencyPosition":"","_EventDateTimeSeparator":"","_EventTimeRangeSeparator":"","_EventOrganizerID":[],"_EventVenueID":[],"_OrganizerEmail":"","_OrganizerPhone":"","_OrganizerWebsite":"","_VenueAddress":"","_VenueCity":"","_VenueCountry":"","_VenueProvince":"","_VenueState":"","_VenueZip":"","_VenuePhone":"","_VenueURL":"","_VenueStateProvince":"","_VenueLat":"","_VenueLng":"","_VenueShowMap":false,"_VenueShowMapLink":false,"_tribe_blocks_recurrence_rules":"","_tribe_blocks_recurrence_description":"","_tribe_blocks_recurrence_exclusions":"","footnotes":"","_tec_slr_enabled":"","_tec_slr_layout":""},"class_list":["post-2212","page","type-page","status-publish"],"acf":[],"yoast_head":"<!-- This site is optimized with the Yoast SEO plugin v27.3 - https:\/\/yoast.com\/product\/yoast-seo-wordpress\/ -->\n<title>LYY - LYY<\/title>\n<meta name=\"robots\" content=\"index, follow, max-snippet:-1, max-image-preview:large, max-video-preview:-1\" \/>\n<link rel=\"canonical\" href=\"https:\/\/lyy.fi\/en\/lyy\/\" \/>\n<meta property=\"og:locale\" content=\"en_US\" \/>\n<meta property=\"og:type\" content=\"article\" \/>\n<meta property=\"og:title\" content=\"LYY - LYY\" \/>\n<meta property=\"og:description\" content=\"Tied\u00e4tk\u00f6 mik\u00e4 Lapin yliopiston ylioppilaskunta, eli LYY, on ja mit\u00e4 se tekee?&nbsp; Haluatko tutustua meid\u00e4n toimintaan tarkemmin? LYY on noin 3800 j\u00e4senen opiskelijayhteis\u00f6 Lapin yliopistossa. LYY on j\u00e4sentens\u00e4 edunvalvonta- ja palveluorganisaatio, jonka t\u00e4rkeimpiin teht\u00e4viin kuuluu muun muassa j\u00e4sentens\u00e4 edunvalvonta niin paikallisesti kuin valtakunnallisesti sek\u00e4 lis\u00e4ksi palvelujen tarjoaminen ja tapahtumien j\u00e4rjest\u00e4minen kaikille yliopiston opiskelijoille. N\u00e4ilt\u00e4 sivuilta ... Read more\" \/>\n<meta property=\"og:url\" content=\"https:\/\/lyy.fi\/en\/lyy\/\" \/>\n<meta property=\"og:site_name\" content=\"LYY\" \/>\n<meta property=\"article:publisher\" content=\"https:\/\/www.facebook.com\/lapinyliopistonylioppilaskunta\" \/>\n<meta property=\"article:modified_time\" content=\"2026-02-17T10:45:46+00:00\" \/>\n<meta name=\"twitter:card\" content=\"summary_large_image\" \/>\n<meta name=\"twitter:site\" content=\"@lyytweet\" \/>\n<meta name=\"twitter:label1\" content=\"Est. reading time\" \/>\n\t<meta name=\"twitter:data1\" content=\"1 minute\" \/>\n<script type=\"application\/ld+json\" class=\"yoast-schema-graph\">{\"@context\":\"https:\\\/\\\/schema.org\",\"@graph\":[{\"@type\":\"WebPage\",\"@id\":\"https:\\\/\\\/lyy.fi\\\/en\\\/lyy\\\/\",\"url\":\"https:\\\/\\\/lyy.fi\\\/en\\\/lyy\\\/\",\"name\":\"LYY - LYY\",\"isPartOf\":{\"@id\":\"https:\\\/\\\/lyy.fi\\\/#website\"},\"datePublished\":\"2019-06-26T06:50:11+00:00\",\"dateModified\":\"2026-02-17T10:45:46+00:00\",\"breadcrumb\":{\"@id\":\"https:\\\/\\\/lyy.fi\\\/en\\\/lyy\\\/#breadcrumb\"},\"inLanguage\":\"en-US\",\"potentialAction\":[{\"@type\":\"ReadAction\",\"target\":[\"https:\\\/\\\/lyy.fi\\\/en\\\/lyy\\\/\"]}]},{\"@type\":\"BreadcrumbList\",\"@id\":\"https:\\\/\\\/lyy.fi\\\/en\\\/lyy\\\/#breadcrumb\",\"itemListElement\":[{\"@type\":\"ListItem\",\"position\":1,\"name\":\"Home\",\"item\":\"https:\\\/\\\/lyy.fi\\\/en\\\/\"},{\"@type\":\"ListItem\",\"position\":2,\"name\":\"LYY\"}]},{\"@type\":\"WebSite\",\"@id\":\"https:\\\/\\\/lyy.fi\\\/#website\",\"url\":\"https:\\\/\\\/lyy.fi\\\/\",\"name\":\"LYY\",\"description\":\"Lapin yliopiston ylioppilaskunta\",\"publisher\":{\"@id\":\"https:\\\/\\\/lyy.fi\\\/#organization\"},\"potentialAction\":[{\"@type\":\"SearchAction\",\"target\":{\"@type\":\"EntryPoint\",\"urlTemplate\":\"https:\\\/\\\/lyy.fi\\\/?s={search_term_string}\"},\"query-input\":{\"@type\":\"PropertyValueSpecification\",\"valueRequired\":true,\"valueName\":\"search_term_string\"}}],\"inLanguage\":\"en-US\"},{\"@type\":\"Organization\",\"@id\":\"https:\\\/\\\/lyy.fi\\\/#organization\",\"name\":\"LYY\",\"url\":\"https:\\\/\\\/lyy.fi\\\/\",\"logo\":{\"@type\":\"ImageObject\",\"inLanguage\":\"en-US\",\"@id\":\"https:\\\/\\\/lyy.fi\\\/#\\\/schema\\\/logo\\\/image\\\/\",\"url\":\"https:\\\/\\\/lyy.fi\\\/wp-content\\\/uploads\\\/2025\\\/03\\\/LYY_logo_nelio.jpg\",\"contentUrl\":\"https:\\\/\\\/lyy.fi\\\/wp-content\\\/uploads\\\/2025\\\/03\\\/LYY_logo_nelio.jpg\",\"width\":225,\"height\":204,\"caption\":\"LYY\"},\"image\":{\"@id\":\"https:\\\/\\\/lyy.fi\\\/#\\\/schema\\\/logo\\\/image\\\/\"},\"sameAs\":[\"https:\\\/\\\/www.facebook.com\\\/lapinyliopistonylioppilaskunta\",\"https:\\\/\\\/x.com\\\/lyytweet\",\"https:\\\/\\\/www.instagram.com\\\/lyygram\\\/\"]}]}<\/script>\n<!-- \/ Yoast SEO plugin. -->","yoast_head_json":{"title":"LYY - LYY","robots":{"index":"index","follow":"follow","max-snippet":"max-snippet:-1","max-image-preview":"max-image-preview:large","max-video-preview":"max-video-preview:-1"},"canonical":"https:\/\/lyy.fi\/en\/lyy\/","og_locale":"en_US","og_type":"article","og_title":"LYY - LYY","og_description":"Tied\u00e4tk\u00f6 mik\u00e4 Lapin yliopiston ylioppilaskunta, eli LYY, on ja mit\u00e4 se tekee?&nbsp; Haluatko tutustua meid\u00e4n toimintaan tarkemmin? LYY on noin 3800 j\u00e4senen opiskelijayhteis\u00f6 Lapin yliopistossa. LYY on j\u00e4sentens\u00e4 edunvalvonta- ja palveluorganisaatio, jonka t\u00e4rkeimpiin teht\u00e4viin kuuluu muun muassa j\u00e4sentens\u00e4 edunvalvonta niin paikallisesti kuin valtakunnallisesti sek\u00e4 lis\u00e4ksi palvelujen tarjoaminen ja tapahtumien j\u00e4rjest\u00e4minen kaikille yliopiston opiskelijoille. N\u00e4ilt\u00e4 sivuilta ... Read more","og_url":"https:\/\/lyy.fi\/en\/lyy\/","og_site_name":"LYY","article_publisher":"https:\/\/www.facebook.com\/lapinyliopistonylioppilaskunta","article_modified_time":"2026-02-17T10:45:46+00:00","twitter_card":"summary_large_image","twitter_site":"@lyytweet","twitter_misc":{"Est. reading time":"1 minute"},"schema":{"@context":"https:\/\/schema.org","@graph":[{"@type":"WebPage","@id":"https:\/\/lyy.fi\/en\/lyy\/","url":"https:\/\/lyy.fi\/en\/lyy\/","name":"LYY - LYY","isPartOf":{"@id":"https:\/\/lyy.fi\/#website"},"datePublished":"2019-06-26T06:50:11+00:00","dateModified":"2026-02-17T10:45:46+00:00","breadcrumb":{"@id":"https:\/\/lyy.fi\/en\/lyy\/#breadcrumb"},"inLanguage":"en-US","potentialAction":[{"@type":"ReadAction","target":["https:\/\/lyy.fi\/en\/lyy\/"]}]},{"@type":"BreadcrumbList","@id":"https:\/\/lyy.fi\/en\/lyy\/#breadcrumb","itemListElement":[{"@type":"ListItem","position":1,"name":"Home","item":"https:\/\/lyy.fi\/en\/"},{"@type":"ListItem","position":2,"name":"LYY"}]},{"@type":"WebSite","@id":"https:\/\/lyy.fi\/#website","url":"https:\/\/lyy.fi\/","name":"LYY","description":"Lapin yliopiston ylioppilaskunta","publisher":{"@id":"https:\/\/lyy.fi\/#organization"},"potentialAction":[{"@type":"SearchAction","target":{"@type":"EntryPoint","urlTemplate":"https:\/\/lyy.fi\/?s={search_term_string}"},"query-input":{"@type":"PropertyValueSpecification","valueRequired":true,"valueName":"search_term_string"}}],"inLanguage":"en-US"},{"@type":"Organization","@id":"https:\/\/lyy.fi\/#organization","name":"LYY","url":"https:\/\/lyy.fi\/","logo":{"@type":"ImageObject","inLanguage":"en-US","@id":"https:\/\/lyy.fi\/#\/schema\/logo\/image\/","url":"https:\/\/lyy.fi\/wp-content\/uploads\/2025\/03\/LYY_logo_nelio.jpg","contentUrl":"https:\/\/lyy.fi\/wp-content\/uploads\/2025\/03\/LYY_logo_nelio.jpg","width":225,"height":204,"caption":"LYY"},"image":{"@id":"https:\/\/lyy.fi\/#\/schema\/logo\/image\/"},"sameAs":["https:\/\/www.facebook.com\/lapinyliopistonylioppilaskunta","https:\/\/x.com\/lyytweet","https:\/\/www.instagram.com\/lyygram\/"]}]}},"uagb_featured_image_src":{"full":false,"thumbnail":false,"medium":false,"medium_large":false,"large":false,"1536x1536":false,"2048x2048":false,"gform-image-choice-sm":false,"gform-image-choice-md":false,"gform-image-choice-lg":false},"uagb_author_info":{"display_name":"Sollertis","author_link":"https:\/\/lyy.fi\/en\/author\/sollertis\/"},"uagb_comment_info":0,"uagb_excerpt":"Tied\u00e4tk\u00f6 mik\u00e4 Lapin yliopiston ylioppilaskunta, eli LYY, on ja mit\u00e4 se tekee?&nbsp; Haluatko tutustua meid\u00e4n toimintaan tarkemmin? LYY on noin 3800 j\u00e4senen opiskelijayhteis\u00f6 Lapin yliopistossa. LYY on j\u00e4sentens\u00e4 edunvalvonta- ja palveluorganisaatio, jonka t\u00e4rkeimpiin teht\u00e4viin kuuluu muun muassa j\u00e4sentens\u00e4 edunvalvonta niin paikallisesti kuin valtakunnallisesti sek\u00e4 lis\u00e4ksi palvelujen tarjoaminen ja tapahtumien j\u00e4rjest\u00e4minen kaikille yliopiston opiskelijoille. N\u00e4ilt\u00e4 sivuilta&hellip;","ticketed":false,"_links":{"self":[{"href":"https:\/\/lyy.fi\/en\/wp-json\/wp\/v2\/pages\/2212","targetHints":{"allow":["GET"]}}],"collection":[{"href":"https:\/\/lyy.fi\/en\/wp-json\/wp\/v2\/pages"}],"about":[{"href":"https:\/\/lyy.fi\/en\/wp-json\/wp\/v2\/types\/page"}],"author":[{"embeddable":true,"href":"https:\/\/lyy.fi\/en\/wp-json\/wp\/v2\/users\/1"}],"replies":[{"embeddable":true,"href":"https:\/\/lyy.fi\/en\/wp-json\/wp\/v2\/comments?post=2212"}],"version-history":[{"count":14,"href":"https:\/\/lyy.fi\/en\/wp-json\/wp\/v2\/pages\/2212\/revisions"}],"predecessor-version":[{"id":25138,"href":"https:\/\/lyy.fi\/en\/wp-json\/wp\/v2\/pages\/2212\/revisions\/25138"}],"wp:attachment":[{"href":"https:\/\/lyy.fi\/en\/wp-json\/wp\/v2\/media?parent=2212"}],"curies":[{"name":"wp","href":"https:\/\/api.w.org\/{rel}","templated":true}]}}