{"id":2198,"date":"2019-06-26T09:56:31","date_gmt":"2019-06-26T06:56:31","guid":{"rendered":"https:\/\/lyy.fi\/?page_id=2198"},"modified":"2026-02-05T11:50:55","modified_gmt":"2026-02-05T09:50:55","slug":"jarjestolle","status":"publish","type":"page","link":"https:\/\/lyy.fi\/en\/jarjestolle\/","title":{"rendered":"J\u00e4rjest\u00f6t"},"content":{"rendered":"\n<p><strong>Tied\u00e4tk\u00f6 mik\u00e4 rikastuttaa opiskelijael\u00e4m\u00e4\u00e4?\nJ\u00e4rjest\u00f6toiminta! <\/strong><\/p>\n\n\n\n<p>Lapin yliopiston ylioppilaskunnan piiriss\u00e4 toimii monta eri\nj\u00e4rjest\u00f6\u00e4, jotka edustavat muun muassa p\u00e4\u00e4ainetta, poliittista vakaumusta tai\nharrastetoimintaa. Mik\u00e4 olisi sinun mieleisesti j\u00e4rjest\u00f6, sen voit k\u00e4yd\u00e4\ntutkimassa J\u00e4rjest\u00f6t-osiosta. LYY tukee j\u00e4rjest\u00f6toimintaa avustusten ja\nkoulutusten tiimoilta ja olemme aina valmiita auttamaan hankalissakin\ntilanteissa! <\/p>\n\n\n\n<p>Lis\u00e4tietoja j\u00e4rjest\u00f6ihin liittyen voit kysy\u00e4 j\u00e4rjest\u00f6- ja viestint\u00e4asiantuntijalta, jarjestoasiantuntija(at)lyy.fi. <\/p>\n\n\n\n<section id=\"g-9ry1afd\" class=\"wp-block-gutentor-m3 section-g-9ry1afd gutentor-module gutentor-container-cover\"><div class=\"grid-container\">\n<section id=\"g-hbwj7th\" class=\"wp-block-gutentor-m3 section-g-hbwj7th gutentor-module gutentor-container-cover has-image-bg has-custom-bg has-gutentor-overlay link-block\"><div class=\"grid-container\">\n<div id=\"section-g-2y9155b\" class=\"wp-block-gutentor-e1 section-g-2y9155b gutentor-element gutentor-element-advanced-text\"><div class=\"gutentor-text-wrap\"><h2 class=\"gutentor-text\">J\u00e4rjest\u00f6t<\/h2><\/div><\/div>\n\n\n\n<div id=\"section-g-7jvo0o0\" class=\"wp-block-gutentor-e1 section-g-7jvo0o0 gutentor-element gutentor-element-advanced-text\"><div class=\"gutentor-text-wrap\"><p class=\"gutentor-text\">Tutustu j\u00e4rjest\u00f6ihin!<\/p><\/div><\/div>\n\n\n\n<div id=\"section-g-qzslum0\" class=\"wp-block-gutentor-e2 section-g-qzslum0 gutentor-element gutentor-element-button\"><span class=\"gutentor-button-wrap\"><a class=\"gutentor-button gutentor-block-button gutentor-icon-hide\" href=\"https:\/\/lyy.fi\/en\/jarjestolle\/associations\/\"><i class=\"gutentor-button-icon fas fa-book\"><\/i><span>Lue lis\u00e4\u00e4 j\u00e4rjest\u00f6ist\u00e4<\/span><\/a><\/span><\/div>\n<\/div><\/section>\n\n\n\n<section id=\"g-6tdi62b\" class=\"wp-block-gutentor-m3 section-g-6tdi62b gutentor-module gutentor-container-cover has-image-bg has-custom-bg has-gutentor-overlay link-block\"><div class=\"grid-container\">\n<div id=\"section-g-y0b1qd2\" class=\"wp-block-gutentor-e1 section-g-y0b1qd2 gutentor-element gutentor-element-advanced-text\"><div class=\"gutentor-text-wrap\"><h2 class=\"gutentor-text\">J\u00e4rjest\u00f6palvelut<\/h2><\/div><\/div>\n\n\n\n<div id=\"section-g-db1oi4t\" class=\"wp-block-gutentor-e1 section-g-db1oi4t gutentor-element gutentor-element-advanced-text\"><div class=\"gutentor-text-wrap\"><p class=\"gutentor-text\">LYY tarjoaa j\u00e4rjest\u00f6ille monia palveluita<\/p><\/div><\/div>\n\n\n\n<div id=\"section-g-vmh91oh\" class=\"wp-block-gutentor-e2 section-g-vmh91oh gutentor-element gutentor-element-button\"><span class=\"gutentor-button-wrap\"><a class=\"gutentor-button gutentor-block-button gutentor-icon-hide\" href=\"https:\/\/lyy.fi\/en\/jarjestolle\/the-services-for-associations\/\"><i class=\"gutentor-button-icon fas fa-book\"><\/i><span>Tutustu j\u00e4rjest\u00f6palveluihin<\/span><\/a><\/span><\/div>\n<\/div><\/section>\n\n\n\n<section id=\"g-j11x8jw\" class=\"wp-block-gutentor-m3 section-g-j11x8jw gutentor-module gutentor-container-cover has-image-bg has-custom-bg has-gutentor-overlay link-block\"><div class=\"grid-container\">\n<div id=\"section-g-211vjpv\" class=\"wp-block-gutentor-e1 section-g-211vjpv gutentor-element gutentor-element-advanced-text\"><div class=\"gutentor-text-wrap\"><h2 class=\"gutentor-text\">J\u00e4rjest\u00f6opas<\/h2><\/div><\/div>\n\n\n\n<div id=\"section-g-hmceiid\" class=\"wp-block-gutentor-e1 section-g-hmceiid gutentor-element gutentor-element-advanced-text\"><div class=\"gutentor-text-wrap\"><p class=\"gutentor-text\">Kaipaako j\u00e4rjest\u00f6si ohjeistusta? J\u00e4rjest\u00f6opas auttaa!<\/p><\/div><\/div>\n\n\n\n<div id=\"section-g-ll789zz\" class=\"wp-block-gutentor-e2 section-g-ll789zz gutentor-element gutentor-element-button\"><span class=\"gutentor-button-wrap\"><a class=\"gutentor-button gutentor-block-button gutentor-icon-hide\" href=\"https:\/\/lyy.fi\/en\/jarjestolle\/a-guide-for-associations\/\"><i class=\"gutentor-button-icon fas fa-book\"><\/i><span>Tutustu j\u00e4rjest\u00f6oppaaseen<\/span><\/a><\/span><\/div>\n<\/div><\/section>\n<\/div><\/section>\n","protected":false},"excerpt":{"rendered":"<p>Tied\u00e4tk\u00f6 mik\u00e4 rikastuttaa opiskelijael\u00e4m\u00e4\u00e4? J\u00e4rjest\u00f6toiminta! Lapin yliopiston ylioppilaskunnan piiriss\u00e4 toimii monta eri j\u00e4rjest\u00f6\u00e4, jotka edustavat muun muassa p\u00e4\u00e4ainetta, poliittista vakaumusta tai harrastetoimintaa. Mik\u00e4 olisi sinun mieleisesti j\u00e4rjest\u00f6, sen voit k\u00e4yd\u00e4 tutkimassa J\u00e4rjest\u00f6t-osiosta. LYY tukee j\u00e4rjest\u00f6toimintaa avustusten ja koulutusten tiimoilta ja olemme aina valmiita auttamaan hankalissakin tilanteissa! Lis\u00e4tietoja j\u00e4rjest\u00f6ihin liittyen voit kysy\u00e4 j\u00e4rjest\u00f6- ja viestint\u00e4asiantuntijalta, jarjestoasiantuntija(at)lyy.fi.<\/p>\n","protected":false},"author":1,"featured_media":0,"parent":0,"menu_order":0,"comment_status":"closed","ping_status":"closed","template":"","meta":{"_acf_changed":false,"_tec_requires_first_save":true,"_uag_custom_page_level_css":"","_price":"","_stock":"","_tribe_ticket_header":"","_tribe_default_ticket_provider":"","_tribe_ticket_capacity":"0","_ticket_start_date":"","_ticket_end_date":"","_tribe_ticket_show_description":"","_tribe_ticket_show_not_going":false,"_tribe_ticket_use_global_stock":"","_tribe_ticket_global_stock_level":"","_global_stock_mode":"","_global_stock_cap":"","_tribe_rsvp_for_event":"","_tribe_ticket_going_count":"","_tribe_ticket_not_going_count":"","_tribe_tickets_list":"[]","_tribe_ticket_has_attendee_info_fields":false,"_EventAllDay":false,"_EventTimezone":"","_EventStartDate":"","_EventEndDate":"","_EventStartDateUTC":"","_EventEndDateUTC":"","_EventShowMap":false,"_EventShowMapLink":false,"_EventURL":"","_EventCost":"","_EventCostDescription":"","_EventCurrencySymbol":"","_EventCurrencyCode":"","_EventCurrencyPosition":"","_EventDateTimeSeparator":"","_EventTimeRangeSeparator":"","_EventOrganizerID":[],"_EventVenueID":[],"_OrganizerEmail":"","_OrganizerPhone":"","_OrganizerWebsite":"","_VenueAddress":"","_VenueCity":"","_VenueCountry":"","_VenueProvince":"","_VenueState":"","_VenueZip":"","_VenuePhone":"","_VenueURL":"","_VenueStateProvince":"","_VenueLat":"","_VenueLng":"","_VenueShowMap":false,"_VenueShowMapLink":false,"_tribe_blocks_recurrence_rules":"","_tribe_blocks_recurrence_description":"","_tribe_blocks_recurrence_exclusions":"","footnotes":"","_tec_slr_enabled":"","_tec_slr_layout":""},"class_list":["post-2198","page","type-page","status-publish"],"acf":[],"yoast_head":"<!-- This site is optimized with the Yoast SEO plugin v27.3 - https:\/\/yoast.com\/product\/yoast-seo-wordpress\/ -->\n<title>J\u00e4rjest\u00f6t - LYY<\/title>\n<meta name=\"robots\" content=\"index, follow, max-snippet:-1, max-image-preview:large, max-video-preview:-1\" \/>\n<link rel=\"canonical\" href=\"https:\/\/lyy.fi\/en\/jarjestolle\/\" \/>\n<meta property=\"og:locale\" content=\"en_US\" \/>\n<meta property=\"og:type\" content=\"article\" \/>\n<meta property=\"og:title\" content=\"J\u00e4rjest\u00f6t - LYY\" \/>\n<meta property=\"og:description\" content=\"Tied\u00e4tk\u00f6 mik\u00e4 rikastuttaa opiskelijael\u00e4m\u00e4\u00e4? J\u00e4rjest\u00f6toiminta! Lapin yliopiston ylioppilaskunnan piiriss\u00e4 toimii monta eri j\u00e4rjest\u00f6\u00e4, jotka edustavat muun muassa p\u00e4\u00e4ainetta, poliittista vakaumusta tai harrastetoimintaa. Mik\u00e4 olisi sinun mieleisesti j\u00e4rjest\u00f6, sen voit k\u00e4yd\u00e4 tutkimassa J\u00e4rjest\u00f6t-osiosta. LYY tukee j\u00e4rjest\u00f6toimintaa avustusten ja koulutusten tiimoilta ja olemme aina valmiita auttamaan hankalissakin tilanteissa! Lis\u00e4tietoja j\u00e4rjest\u00f6ihin liittyen voit kysy\u00e4 j\u00e4rjest\u00f6- ja viestint\u00e4asiantuntijalta, jarjestoasiantuntija(at)lyy.fi.\" \/>\n<meta property=\"og:url\" content=\"https:\/\/lyy.fi\/en\/jarjestolle\/\" \/>\n<meta property=\"og:site_name\" content=\"LYY\" \/>\n<meta property=\"article:publisher\" content=\"https:\/\/www.facebook.com\/lapinyliopistonylioppilaskunta\" \/>\n<meta property=\"article:modified_time\" content=\"2026-02-05T09:50:55+00:00\" \/>\n<meta name=\"twitter:card\" content=\"summary_large_image\" \/>\n<meta name=\"twitter:site\" content=\"@lyytweet\" \/>\n<meta name=\"twitter:label1\" content=\"Est. reading time\" \/>\n\t<meta name=\"twitter:data1\" content=\"1 minute\" \/>\n<script type=\"application\/ld+json\" class=\"yoast-schema-graph\">{\"@context\":\"https:\\\/\\\/schema.org\",\"@graph\":[{\"@type\":\"WebPage\",\"@id\":\"https:\\\/\\\/lyy.fi\\\/en\\\/jarjestolle\\\/\",\"url\":\"https:\\\/\\\/lyy.fi\\\/en\\\/jarjestolle\\\/\",\"name\":\"J\u00e4rjest\u00f6t - LYY\",\"isPartOf\":{\"@id\":\"https:\\\/\\\/lyy.fi\\\/#website\"},\"datePublished\":\"2019-06-26T06:56:31+00:00\",\"dateModified\":\"2026-02-05T09:50:55+00:00\",\"breadcrumb\":{\"@id\":\"https:\\\/\\\/lyy.fi\\\/en\\\/jarjestolle\\\/#breadcrumb\"},\"inLanguage\":\"en-US\",\"potentialAction\":[{\"@type\":\"ReadAction\",\"target\":[\"https:\\\/\\\/lyy.fi\\\/en\\\/jarjestolle\\\/\"]}]},{\"@type\":\"BreadcrumbList\",\"@id\":\"https:\\\/\\\/lyy.fi\\\/en\\\/jarjestolle\\\/#breadcrumb\",\"itemListElement\":[{\"@type\":\"ListItem\",\"position\":1,\"name\":\"Home\",\"item\":\"https:\\\/\\\/lyy.fi\\\/en\\\/\"},{\"@type\":\"ListItem\",\"position\":2,\"name\":\"J\u00e4rjest\u00f6t\"}]},{\"@type\":\"WebSite\",\"@id\":\"https:\\\/\\\/lyy.fi\\\/#website\",\"url\":\"https:\\\/\\\/lyy.fi\\\/\",\"name\":\"LYY\",\"description\":\"Lapin yliopiston ylioppilaskunta\",\"publisher\":{\"@id\":\"https:\\\/\\\/lyy.fi\\\/#organization\"},\"potentialAction\":[{\"@type\":\"SearchAction\",\"target\":{\"@type\":\"EntryPoint\",\"urlTemplate\":\"https:\\\/\\\/lyy.fi\\\/?s={search_term_string}\"},\"query-input\":{\"@type\":\"PropertyValueSpecification\",\"valueRequired\":true,\"valueName\":\"search_term_string\"}}],\"inLanguage\":\"en-US\"},{\"@type\":\"Organization\",\"@id\":\"https:\\\/\\\/lyy.fi\\\/#organization\",\"name\":\"LYY\",\"url\":\"https:\\\/\\\/lyy.fi\\\/\",\"logo\":{\"@type\":\"ImageObject\",\"inLanguage\":\"en-US\",\"@id\":\"https:\\\/\\\/lyy.fi\\\/#\\\/schema\\\/logo\\\/image\\\/\",\"url\":\"https:\\\/\\\/lyy.fi\\\/wp-content\\\/uploads\\\/2025\\\/03\\\/LYY_logo_nelio.jpg\",\"contentUrl\":\"https:\\\/\\\/lyy.fi\\\/wp-content\\\/uploads\\\/2025\\\/03\\\/LYY_logo_nelio.jpg\",\"width\":225,\"height\":204,\"caption\":\"LYY\"},\"image\":{\"@id\":\"https:\\\/\\\/lyy.fi\\\/#\\\/schema\\\/logo\\\/image\\\/\"},\"sameAs\":[\"https:\\\/\\\/www.facebook.com\\\/lapinyliopistonylioppilaskunta\",\"https:\\\/\\\/x.com\\\/lyytweet\",\"https:\\\/\\\/www.instagram.com\\\/lyygram\\\/\"]}]}<\/script>\n<!-- \/ Yoast SEO plugin. -->","yoast_head_json":{"title":"J\u00e4rjest\u00f6t - LYY","robots":{"index":"index","follow":"follow","max-snippet":"max-snippet:-1","max-image-preview":"max-image-preview:large","max-video-preview":"max-video-preview:-1"},"canonical":"https:\/\/lyy.fi\/en\/jarjestolle\/","og_locale":"en_US","og_type":"article","og_title":"J\u00e4rjest\u00f6t - LYY","og_description":"Tied\u00e4tk\u00f6 mik\u00e4 rikastuttaa opiskelijael\u00e4m\u00e4\u00e4? J\u00e4rjest\u00f6toiminta! Lapin yliopiston ylioppilaskunnan piiriss\u00e4 toimii monta eri j\u00e4rjest\u00f6\u00e4, jotka edustavat muun muassa p\u00e4\u00e4ainetta, poliittista vakaumusta tai harrastetoimintaa. Mik\u00e4 olisi sinun mieleisesti j\u00e4rjest\u00f6, sen voit k\u00e4yd\u00e4 tutkimassa J\u00e4rjest\u00f6t-osiosta. LYY tukee j\u00e4rjest\u00f6toimintaa avustusten ja koulutusten tiimoilta ja olemme aina valmiita auttamaan hankalissakin tilanteissa! Lis\u00e4tietoja j\u00e4rjest\u00f6ihin liittyen voit kysy\u00e4 j\u00e4rjest\u00f6- ja viestint\u00e4asiantuntijalta, jarjestoasiantuntija(at)lyy.fi.","og_url":"https:\/\/lyy.fi\/en\/jarjestolle\/","og_site_name":"LYY","article_publisher":"https:\/\/www.facebook.com\/lapinyliopistonylioppilaskunta","article_modified_time":"2026-02-05T09:50:55+00:00","twitter_card":"summary_large_image","twitter_site":"@lyytweet","twitter_misc":{"Est. reading time":"1 minute"},"schema":{"@context":"https:\/\/schema.org","@graph":[{"@type":"WebPage","@id":"https:\/\/lyy.fi\/en\/jarjestolle\/","url":"https:\/\/lyy.fi\/en\/jarjestolle\/","name":"J\u00e4rjest\u00f6t - LYY","isPartOf":{"@id":"https:\/\/lyy.fi\/#website"},"datePublished":"2019-06-26T06:56:31+00:00","dateModified":"2026-02-05T09:50:55+00:00","breadcrumb":{"@id":"https:\/\/lyy.fi\/en\/jarjestolle\/#breadcrumb"},"inLanguage":"en-US","potentialAction":[{"@type":"ReadAction","target":["https:\/\/lyy.fi\/en\/jarjestolle\/"]}]},{"@type":"BreadcrumbList","@id":"https:\/\/lyy.fi\/en\/jarjestolle\/#breadcrumb","itemListElement":[{"@type":"ListItem","position":1,"name":"Home","item":"https:\/\/lyy.fi\/en\/"},{"@type":"ListItem","position":2,"name":"J\u00e4rjest\u00f6t"}]},{"@type":"WebSite","@id":"https:\/\/lyy.fi\/#website","url":"https:\/\/lyy.fi\/","name":"LYY","description":"Lapin yliopiston ylioppilaskunta","publisher":{"@id":"https:\/\/lyy.fi\/#organization"},"potentialAction":[{"@type":"SearchAction","target":{"@type":"EntryPoint","urlTemplate":"https:\/\/lyy.fi\/?s={search_term_string}"},"query-input":{"@type":"PropertyValueSpecification","valueRequired":true,"valueName":"search_term_string"}}],"inLanguage":"en-US"},{"@type":"Organization","@id":"https:\/\/lyy.fi\/#organization","name":"LYY","url":"https:\/\/lyy.fi\/","logo":{"@type":"ImageObject","inLanguage":"en-US","@id":"https:\/\/lyy.fi\/#\/schema\/logo\/image\/","url":"https:\/\/lyy.fi\/wp-content\/uploads\/2025\/03\/LYY_logo_nelio.jpg","contentUrl":"https:\/\/lyy.fi\/wp-content\/uploads\/2025\/03\/LYY_logo_nelio.jpg","width":225,"height":204,"caption":"LYY"},"image":{"@id":"https:\/\/lyy.fi\/#\/schema\/logo\/image\/"},"sameAs":["https:\/\/www.facebook.com\/lapinyliopistonylioppilaskunta","https:\/\/x.com\/lyytweet","https:\/\/www.instagram.com\/lyygram\/"]}]}},"uagb_featured_image_src":{"full":false,"thumbnail":false,"medium":false,"medium_large":false,"large":false,"1536x1536":false,"2048x2048":false,"gform-image-choice-sm":false,"gform-image-choice-md":false,"gform-image-choice-lg":false},"uagb_author_info":{"display_name":"Sollertis","author_link":"https:\/\/lyy.fi\/en\/author\/sollertis\/"},"uagb_comment_info":0,"uagb_excerpt":"Tied\u00e4tk\u00f6 mik\u00e4 rikastuttaa opiskelijael\u00e4m\u00e4\u00e4? J\u00e4rjest\u00f6toiminta! Lapin yliopiston ylioppilaskunnan piiriss\u00e4 toimii monta eri j\u00e4rjest\u00f6\u00e4, jotka edustavat muun muassa p\u00e4\u00e4ainetta, poliittista vakaumusta tai harrastetoimintaa. Mik\u00e4 olisi sinun mieleisesti j\u00e4rjest\u00f6, sen voit k\u00e4yd\u00e4 tutkimassa J\u00e4rjest\u00f6t-osiosta. LYY tukee j\u00e4rjest\u00f6toimintaa avustusten ja koulutusten tiimoilta ja olemme aina valmiita auttamaan hankalissakin tilanteissa! Lis\u00e4tietoja j\u00e4rjest\u00f6ihin liittyen voit kysy\u00e4 j\u00e4rjest\u00f6- ja viestint\u00e4asiantuntijalta, jarjestoasiantuntija(at)lyy.fi.","ticketed":false,"_links":{"self":[{"href":"https:\/\/lyy.fi\/en\/wp-json\/wp\/v2\/pages\/2198","targetHints":{"allow":["GET"]}}],"collection":[{"href":"https:\/\/lyy.fi\/en\/wp-json\/wp\/v2\/pages"}],"about":[{"href":"https:\/\/lyy.fi\/en\/wp-json\/wp\/v2\/types\/page"}],"author":[{"embeddable":true,"href":"https:\/\/lyy.fi\/en\/wp-json\/wp\/v2\/users\/1"}],"replies":[{"embeddable":true,"href":"https:\/\/lyy.fi\/en\/wp-json\/wp\/v2\/comments?post=2198"}],"version-history":[{"count":16,"href":"https:\/\/lyy.fi\/en\/wp-json\/wp\/v2\/pages\/2198\/revisions"}],"predecessor-version":[{"id":25063,"href":"https:\/\/lyy.fi\/en\/wp-json\/wp\/v2\/pages\/2198\/revisions\/25063"}],"wp:attachment":[{"href":"https:\/\/lyy.fi\/en\/wp-json\/wp\/v2\/media?parent=2198"}],"curies":[{"name":"wp","href":"https:\/\/api.w.org\/{rel}","templated":true}]}}